{"id":7309,"date":"2020-07-24T04:00:16","date_gmt":"2020-07-24T08:00:16","guid":{"rendered":"https:\/\/baycoast.bank\/banco-online\/recompensas-de-compras\/"},"modified":"2024-01-10T13:01:05","modified_gmt":"2024-01-10T18:01:05","slug":"recompensas-de-compras","status":"publish","type":"page","link":"https:\/\/baycoast.bank\/pt-pt\/banco-online\/recompensas-de-compras\/","title":{"rendered":"Recompensas de compras"},"content":{"rendered":"<div class=\"lazyblock-interior-hero-W8mHy wp-block-lazyblock-interior-hero\">\n<div class=\"section hero\">\n\t<div class=\"backing parallaxContainer\">\n\t\t<div class=\"backing\" style=\"background-image: url(https:\/\/baycoast.bank\/wp-content\/uploads\/2021\/04\/iStock-920710216-min-e1618505140306.jpg\" role=\"img\" aria-label=\"Hero Image\"><\/div>\n\t<\/div>\n\n\t<div class=\"heroContent\">\n\t\t<div class=\"plusPlus blue\" ><\/div>\n\t\t\n\t\t<div class=\"heroWrapper\">\n\t\t\t<div class=\"heroBlock bgWhite\">\n\t\t\t\t\n\t\t\t\t<div class=\"heroBlockHeadline\">\n\n\t\t\t\t\t\t\t\t\t\t\t<div class=\"categories flex\" style=\"justify-content: flex-start;\">\n\t\t\t\t\t\t\t<div class=\"h6\">\n\n\t\t\t\t\t\t\t  \t\t\t\t\t\t\t\t    \t<a href=\"https:\/\/baycoast.bank\/pt-pt\/banco-online\/\">Banco Online<\/a>\n\t\t\t\t\t\t\t    \t\t\t\t\t\t\t  \n\t\t\t\t\t\t\t<\/div>\n\t\t\t\t\t\t\t\n\t\t\t\t\t\t\t\t\t\t\t\t\t<\/div>\n\t\t\t\t\t\t\t\t\t\t\n\t\t\t\t\t<h1 class=\"blue\">Recompensas de compras<\/h1>\n\t\t\t\t<\/div>\n\t\t\t<\/div>\n\t\t\t    \t\n\t\t\t\n\t\t<\/div>\n\t<\/div>\n<\/div> \n\n<div class=\"spacer\"><\/div><\/div><div class=\"lazyblock-interior-content-Z1jIA7 wp-block-lazyblock-interior-content\"><div class=\"spacer\"><\/div>\n\n<div class=\"section\">\n\t<div class=\"paddedWrapper\">\n\t\t<div class=\"wrapper flex gutenberg\" style=\"justify-content: center;\">\n\n\t\t\t\n\t\t\t<div class=\"smallWrapper gutenberg\">\n\t\t\t\n\t\t\t\t<div class=\"h3\">Transforme as suas compras di\u00e1rias em dinheiro!<\/div>\n\t\t\t  \n\t\t\t  \t<hr style=\"margin-bottom: 5rem;\">\n\t\t\t\t\n\t\t\t\t\n\n<p>Obtenha ofertas de reembolso exclusivas, quando usa o seu cart\u00e3o de d\u00e9bito Mastercard\u00ae, nos tipos de lojas onde gosta de comprar!<\/p>\n\n\n\n<p><strong>Como funciona&#8230;<\/strong><br\/><br\/>1. Inicie sess\u00e3o no Banco Online e clique nas ofertas apresentadas para ativar as recompensas exclusivas de reembolso.<\/p>\n\n\n\n<figure class=\"wp-block-image\"><img decoding=\"async\" src=\"https:\/\/www.baycoastbank.com\/home\/fiFiles\/static\/images\/Rewardsgraphic.jpg\" alt=\"Gr&#xE1;fico com as recompensas de reembolso - BayCoast Bank\"\/><\/figure>\n\n\n\n<p>2. Compre online ou nas lojas para reclamar as suas ofertas ao pagar com o seu cart\u00e3o de d\u00e9bito Mastercard\u00ae.<\/p>\n\n\n\n<p>3. Desfrute do reembolso, depositado imediatamente na sua conta no final do m\u00eas seguinte.<br\/><br\/><a href=\"https:\/\/baycoast.bank\/wp-content\/uploads\/2020\/08\/RewardsQA.pdf\" target=\"_blank\" rel=\"noreferrer noopener\">Perguntas mais frequentes<\/a><br\/><br\/>Ainda n\u00e3o fez o registo para o Banco Online? <a href=\"https:\/\/baycoast.bank\/pt-pt\/banco-online\/faca-o-seu-pedido\/\">Fa\u00e7a agora<\/a>.<\/p>\n\n\n\t\t\t<\/div>\n\n\t\t<\/div>\n\t<\/div>\n<\/div> <\/div>","protected":false},"excerpt":{"rendered":"","protected":false},"author":2,"featured_media":5978,"parent":7245,"menu_order":35,"comment_status":"closed","ping_status":"closed","template":"","meta":{"_acf_changed":false,"inline_featured_image":false,"footnotes":""},"class_list":["post-7309","page","type-page","status-publish","has-post-thumbnail","hentry"],"acf":[],"featured_image_urls_v2":{"full":["https:\/\/baycoast.bank\/wp-content\/uploads\/2021\/04\/iStock-920710216-min-e1618505140306.jpg",1920,1190,false],"thumbnail":["https:\/\/baycoast.bank\/wp-content\/uploads\/2021\/04\/iStock-920710216-min-e1618505140306-150x150.jpg",150,150,true],"medium":["https:\/\/baycoast.bank\/wp-content\/uploads\/2021\/04\/iStock-920710216-min-e1618505140306-300x186.jpg",300,186,true],"medium_large":["https:\/\/baycoast.bank\/wp-content\/uploads\/2021\/04\/iStock-920710216-min-e1618505140306-768x476.jpg",768,476,true],"large":["https:\/\/baycoast.bank\/wp-content\/uploads\/2021\/04\/iStock-920710216-min-e1618505140306-1024x635.jpg",1024,635,true],"1536x1536":["https:\/\/baycoast.bank\/wp-content\/uploads\/2021\/04\/iStock-920710216-min-e1618505140306-1536x952.jpg",1536,952,true],"2048x2048":["https:\/\/baycoast.bank\/wp-content\/uploads\/2021\/04\/iStock-920710216-min-e1618505140306.jpg",1920,1190,false]},"post_excerpt_stackable_v2":"<p>Banco Online Recompensas de compras Transforme as suas compras di\u00e1rias em dinheiro! Obtenha ofertas de reembolso exclusivas, quando usa o seu cart\u00e3o de d\u00e9bito Mastercard\u00ae, nos tipos de lojas onde gosta de comprar! Como funciona&#8230;1. Inicie sess\u00e3o no Banco Online e clique nas ofertas apresentadas para ativar as recompensas exclusivas de reembolso. 2. Compre online ou nas lojas para reclamar as suas ofertas ao pagar com o seu cart\u00e3o de d\u00e9bito Mastercard\u00ae. 3. Desfrute do reembolso, depositado imediatamente na sua conta no final do m\u00eas seguinte.Perguntas mais frequentesAinda n\u00e3o fez o registo para o Banco Online? Fa\u00e7a agora.<\/p>\n","category_list_v2":"","author_info_v2":{"name":"","url":"https:\/\/baycoast.bank\/pt-pt\/author\/"},"comments_num_v2":"0 comments","publishpress_future_action":{"enabled":false,"date":"2026-04-29 06:58:56","action":"change-status","newStatus":"draft","terms":[],"taxonomy":"translation_priority","extraData":[]},"publishpress_future_workflow_manual_trigger":{"enabledWorkflows":[]},"_links":{"self":[{"href":"https:\/\/baycoast.bank\/pt-pt\/wp-json\/wp\/v2\/pages\/7309","targetHints":{"allow":["GET"]}}],"collection":[{"href":"https:\/\/baycoast.bank\/pt-pt\/wp-json\/wp\/v2\/pages"}],"about":[{"href":"https:\/\/baycoast.bank\/pt-pt\/wp-json\/wp\/v2\/types\/page"}],"author":[{"embeddable":true,"href":"https:\/\/baycoast.bank\/pt-pt\/wp-json\/wp\/v2\/users\/2"}],"replies":[{"embeddable":true,"href":"https:\/\/baycoast.bank\/pt-pt\/wp-json\/wp\/v2\/comments?post=7309"}],"version-history":[{"count":0,"href":"https:\/\/baycoast.bank\/pt-pt\/wp-json\/wp\/v2\/pages\/7309\/revisions"}],"up":[{"embeddable":true,"href":"https:\/\/baycoast.bank\/pt-pt\/wp-json\/wp\/v2\/pages\/7245"}],"wp:featuredmedia":[{"embeddable":true,"href":"https:\/\/baycoast.bank\/pt-pt\/wp-json\/wp\/v2\/media\/5978"}],"wp:attachment":[{"href":"https:\/\/baycoast.bank\/pt-pt\/wp-json\/wp\/v2\/media?parent=7309"}],"curies":[{"name":"wp","href":"https:\/\/api.w.org\/{rel}","templated":true}]}}