{"id":7319,"date":"2020-07-27T13:53:26","date_gmt":"2020-07-27T17:53:26","guid":{"rendered":"https:\/\/baycoast.bank\/quem-somos\/carreiras\/"},"modified":"2025-09-02T13:30:33","modified_gmt":"2025-09-02T17:30:33","slug":"carreiras","status":"publish","type":"page","link":"https:\/\/baycoast.bank\/pt-pt\/quem-somos\/carreiras\/","title":{"rendered":"Carreiras"},"content":{"rendered":"<div class=\"lazyblock-interior-hero-ZsstEf wp-block-lazyblock-interior-hero\">\n<div class=\"section hero\">\n\t<div class=\"backing parallaxContainer\">\n\t\t<div class=\"backing\" style=\"background-image: url(https:\/\/baycoast.bank\/wp-content\/uploads\/2021\/04\/iStock-1165742910-min-e1618505444524.jpg\" role=\"img\" aria-label=\"Hero Image\"><\/div>\n\t<\/div>\n\n\t<div class=\"heroContent\">\n\t\t<div class=\"plusPlus blue\" ><\/div>\n\t\t\n\t\t<div class=\"heroWrapper\">\n\t\t\t<div class=\"heroBlock bgWhite\">\n\t\t\t\t\n\t\t\t\t<div class=\"heroBlockHeadline\">\n\n\t\t\t\t\t\t\t\t\t\t\t<div class=\"categories flex\" style=\"justify-content: flex-start;\">\n\t\t\t\t\t\t\t<div class=\"h6\">\n\n\t\t\t\t\t\t\t  \t\t\t\t\t\t\t\t    \t<a href=\"https:\/\/baycoast.bank\/pt-pt\/quem-somos\/\">Quem somos<\/a>\n\t\t\t\t\t\t\t    \t\t\t\t\t\t\t  \n\t\t\t\t\t\t\t<\/div>\n\t\t\t\t\t\t\t\n\t\t\t\t\t\t\t\t\t\t\t\t\t<\/div>\n\t\t\t\t\t\t\t\t\t\t\n\t\t\t\t\t<h1 class=\"blue\">Carreiras<\/h1>\n\t\t\t\t<\/div>\n\t\t\t<\/div>\n\t\t\t    \t\n\t\t\t\n\t\t\t\t<div class=\"openAccount bgBlue\">\n\t\t\t\t\t<div class=\"grain\" role=\"presentation\"><\/div>\n\t\t\t\t\t<div class=\"btn white\" role=\"button\" tabindex=\"0\">Ver vagas&nbsp;<span class=\"primaryColor\">+<\/span> <div class=\"backing bgPrimaryColor\"><\/div><\/div>\n\n\t\t\t\t\t<div class=\"backing bgPrimaryColor\"><\/div>\n\t\t\t\t\t\n\t\t\t\t\t<a href=\"https:\/\/workforcenow.adp.com\/jobs\/apply\/posting.html?client=BCB1851&amp;ccId=19000101_000001&amp;type=MP&amp;lang=en_US\" target=\"_blank\" rel=\"noopener\"><\/a>\n\t\t\t\t<\/div>\n\n\t\t\t\n\t\t<\/div>\n\t<\/div>\n<\/div> \n\n<div class=\"spacer\"><\/div><\/div><div class=\"lazyblock-interior-content-Z2vP8Rh wp-block-lazyblock-interior-content\"><div class=\"spacer\"><\/div>\n\n<div class=\"section\">\n\t<div class=\"paddedWrapper\">\n\t\t<div class=\"wrapper flex gutenberg\" style=\"justify-content: center;\">\n\n\t\t\t\n\t\t\t<div class=\"smallWrapper gutenberg\">\n\t\t\t\n\t\t\t\t<div class=\"h3\">Procura uma carreira adequada para si? <\/div>\n\t\t\t  \n\t\t\t  \t<hr style=\"margin-bottom: 5rem;\">\n\t\t\t\t\n\t\t\t\t\n\n<p>Como parte integrante da fam\u00edlia BayCoast Bank, al\u00e9m de ter acesso a um sal\u00e1rio competitivo, tamb\u00e9m usufrui de um dos pacotes de benef\u00edcios mais abrangentes no setor.<\/p>\n\n\n\n<p>O seu futuro \u00e9 importante para n\u00f3s, pelo que queremos oferecer-lhe a\u00e7\u00f5es de forma\u00e7\u00e3o e educa\u00e7\u00e3o e apoiar o crescimento da sua carreira.<\/p>\n\n\n<div class=\"lazyblock-buttons-Z2oxzkt wp-block-lazyblock-buttons\"><div class=\"buttonsListed\">\n\t\t\t\t\t\t\t\n\t<div class=\"grid\" style=\"align-items: center;\">\n\t\t\t\t\t<a href=\"https:\/\/workforcenow.adp.com\/jobs\/apply\/posting.html?client=BCB1851&amp;ccId=19000101_000001&amp;type=MP&amp;lang=en_US\" target=\"_blank\" rel=\"noopener\"><div class=\"btn blue\" role=\"button\" tabindex=\"0\">Veja as oportunidades dispon\u00edveis&nbsp;<span class=\"primaryColor\">+<\/span> <div class=\"backing\"><\/div><\/div><\/a>\n\t\t\t<\/div>\n\t\n<\/div><\/div>\n\n\n<p><em>Se um candidato qualificado com alguma incapacidade necessitar de ajuda durante o processo de candidatura, dever\u00e1 contactar Scott Lopes, para o n\u00famero 508-675-4414 ou por e-mail para <a href=\"mailto:slopes@baycoastbank.com\">slopes@baycoastbank.com<\/a>.<\/em><\/p>\n\n\n\n<p>Empregador que oferece oportunidades iguais<br\/>M\/F\/V\/I<br\/>Contratante Federal VEVRAA<\/p>\n\n\n\n<div class=\"wp-block-stackable-columns stk-block-columns stk-block stk-fffb88f\" data-block-id=\"fffb88f\"><div class=\"stk-row stk-inner-blocks stk-block-content stk-content-align stk-fffb88f-column\">\n<div class=\"wp-block-stackable-column stk-block-column stk-column stk-block stk-e3bccac\" data-v=\"4\" data-block-id=\"e3bccac\"><style>@media screen and (min-width: 768px){.stk-e3bccac {flex:var(--stk-flex-grow, 1) 1 33.3% !important;}}<\/style><div class=\"stk-column-wrapper stk-block-column__content stk-container stk-e3bccac-container stk--no-background stk--no-padding\"><div class=\"stk-block-content stk-inner-blocks stk-e3bccac-inner-blocks\">\n<div class=\"wp-block-stackable-image stk-block-image stk-block stk-83c10bf\" data-block-id=\"83c10bf\"><style>.stk-83c10bf .stk-img-wrapper{width:80% !important;}<\/style><figure><span class=\"stk-img-wrapper stk-image--shape-stretch\"><img decoding=\"async\" class=\"stk-img wp-image-13381\" src=\"https:\/\/baycoast.bank\/wp-content\/uploads\/2025\/09\/CC25_SouthCoast_Winner.jpg\" width=\"1200\" height=\"1494\" alt=\"SouthCoast Community Choice Award Winner Logo 2025\" srcset=\"https:\/\/baycoast.bank\/wp-content\/uploads\/2025\/09\/CC25_SouthCoast_Winner.jpg 1200w, https:\/\/baycoast.bank\/wp-content\/uploads\/2025\/09\/CC25_SouthCoast_Winner-241x300.jpg 241w, https:\/\/baycoast.bank\/wp-content\/uploads\/2025\/09\/CC25_SouthCoast_Winner-822x1024.jpg 822w, https:\/\/baycoast.bank\/wp-content\/uploads\/2025\/09\/CC25_SouthCoast_Winner-768x956.jpg 768w\" sizes=\"(max-width: 1200px) 100vw, 1200px\" \/><\/span><\/figure><\/div>\n\n\n\n<div class=\"wp-block-stackable-heading stk-block-heading stk-block-heading--v2 stk-block stk-252c841\" id=\"top-employer-br-101-500-employees\" data-block-id=\"252c841\"><h5 class=\"stk-block-heading__text has-text-align-center\">Top Employer <br\/>101-500 Employees<\/h5><\/div>\n<\/div><\/div><\/div>\n\n\n\n<div class=\"wp-block-stackable-column stk-block-column stk-column stk-block stk-6c709f5\" data-v=\"4\" data-block-id=\"6c709f5\"><style>@media screen and (min-width: 768px){.stk-6c709f5 {flex:var(--stk-flex-grow, 1) 1 66.7% !important;}}<\/style><div class=\"stk-column-wrapper stk-block-column__content stk-container stk-6c709f5-container stk--no-background stk--no-padding\"><div class=\"stk-block-content stk-inner-blocks stk-6c709f5-inner-blocks\"><\/div><\/div><\/div>\n<\/div><\/div>\n\n\n\t\t\t<\/div>\n\n\t\t<\/div>\n\t<\/div>\n<\/div> <\/div>","protected":false},"excerpt":{"rendered":"","protected":false},"author":2,"featured_media":6004,"parent":7055,"menu_order":133,"comment_status":"closed","ping_status":"closed","template":"","meta":{"_acf_changed":false,"inline_featured_image":false,"footnotes":""},"class_list":["post-7319","page","type-page","status-publish","has-post-thumbnail","hentry"],"acf":[],"featured_image_urls_v2":{"full":["https:\/\/baycoast.bank\/wp-content\/uploads\/2021\/04\/iStock-1165742910-min-e1618505444524.jpg",1920,1080,false],"thumbnail":["https:\/\/baycoast.bank\/wp-content\/uploads\/2021\/04\/iStock-1165742910-min-e1618505444524-150x150.jpg",150,150,true],"medium":["https:\/\/baycoast.bank\/wp-content\/uploads\/2021\/04\/iStock-1165742910-min-e1618505444524-300x169.jpg",300,169,true],"medium_large":["https:\/\/baycoast.bank\/wp-content\/uploads\/2021\/04\/iStock-1165742910-min-e1618505444524-768x432.jpg",768,432,true],"large":["https:\/\/baycoast.bank\/wp-content\/uploads\/2021\/04\/iStock-1165742910-min-e1618505444524-1024x576.jpg",1024,576,true],"1536x1536":["https:\/\/baycoast.bank\/wp-content\/uploads\/2021\/04\/iStock-1165742910-min-e1618505444524-1536x864.jpg",1536,864,true],"2048x2048":["https:\/\/baycoast.bank\/wp-content\/uploads\/2021\/04\/iStock-1165742910-min-e1618505444524.jpg",1920,1080,false]},"post_excerpt_stackable_v2":"<p>Quem somos Carreiras Ver vagas&nbsp;+ Procura uma carreira adequada para si? Como parte integrante da fam\u00edlia BayCoast Bank, al\u00e9m de ter acesso a um sal\u00e1rio competitivo, tamb\u00e9m usufrui de um dos pacotes de benef\u00edcios mais abrangentes no setor. O seu futuro \u00e9 importante para n\u00f3s, pelo que queremos oferecer-lhe a\u00e7\u00f5es de forma\u00e7\u00e3o e educa\u00e7\u00e3o e apoiar o crescimento da sua carreira. Veja as oportunidades dispon\u00edveis&nbsp;+ Se um candidato qualificado com alguma incapacidade necessitar de ajuda durante o processo de candidatura, dever\u00e1 contactar Scott Lopes, para o n\u00famero 508-675-4414 ou por e-mail para slopes@baycoastbank.com. Empregador que oferece oportunidades iguaisM\/F\/V\/IContratante Federal VEVRAA&hellip;<\/p>\n","category_list_v2":"","author_info_v2":{"name":"","url":"https:\/\/baycoast.bank\/pt-pt\/author\/"},"comments_num_v2":"0 comments","publishpress_future_action":{"enabled":false,"date":"2026-05-02 10:25:00","action":"change-status","newStatus":"draft","terms":[],"taxonomy":"translation_priority","extraData":[]},"publishpress_future_workflow_manual_trigger":{"enabledWorkflows":[]},"_links":{"self":[{"href":"https:\/\/baycoast.bank\/pt-pt\/wp-json\/wp\/v2\/pages\/7319","targetHints":{"allow":["GET"]}}],"collection":[{"href":"https:\/\/baycoast.bank\/pt-pt\/wp-json\/wp\/v2\/pages"}],"about":[{"href":"https:\/\/baycoast.bank\/pt-pt\/wp-json\/wp\/v2\/types\/page"}],"author":[{"embeddable":true,"href":"https:\/\/baycoast.bank\/pt-pt\/wp-json\/wp\/v2\/users\/2"}],"replies":[{"embeddable":true,"href":"https:\/\/baycoast.bank\/pt-pt\/wp-json\/wp\/v2\/comments?post=7319"}],"version-history":[{"count":0,"href":"https:\/\/baycoast.bank\/pt-pt\/wp-json\/wp\/v2\/pages\/7319\/revisions"}],"up":[{"embeddable":true,"href":"https:\/\/baycoast.bank\/pt-pt\/wp-json\/wp\/v2\/pages\/7055"}],"wp:featuredmedia":[{"embeddable":true,"href":"https:\/\/baycoast.bank\/pt-pt\/wp-json\/wp\/v2\/media\/6004"}],"wp:attachment":[{"href":"https:\/\/baycoast.bank\/pt-pt\/wp-json\/wp\/v2\/media?parent=7319"}],"curies":[{"name":"wp","href":"https:\/\/api.w.org\/{rel}","templated":true}]}}