{"id":7373,"date":"2020-08-06T13:15:46","date_gmt":"2020-08-06T17:15:46","guid":{"rendered":"https:\/\/baycoast.bank\/taxas\/"},"modified":"2024-04-05T16:26:05","modified_gmt":"2024-04-05T20:26:05","slug":"taxas","status":"publish","type":"page","link":"https:\/\/baycoast.bank\/pt-pt\/taxas\/","title":{"rendered":"Taxas"},"content":{"rendered":"<div class=\"lazyblock-interior-hero-Z1mcsag wp-block-lazyblock-interior-hero\">\n<div class=\"section hero\">\n\t<div class=\"backing parallaxContainer\">\n\t\t<div class=\"backing\" style=\"background-image: url(https:\/\/baycoast.bank\/wp-content\/uploads\/2020\/07\/iStock-513602205-min-e1596923658446.jpg\" role=\"img\" aria-label=\"Hero Image\"><\/div>\n\t<\/div>\n\n\t<div class=\"heroContent\">\n\t\t<div class=\"plusPlus blue\" ><\/div>\n\t\t\n\t\t<div class=\"heroWrapper\">\n\t\t\t<div class=\"heroBlock bgWhite\">\n\t\t\t\t\n\t\t\t\t<div class=\"heroBlockHeadline\">\n\n\t\t\t\t\t\t\t\t\t\t\n\t\t\t\t\t<h1 class=\"blue\">Taxas<\/h1>\n\t\t\t\t<\/div>\n\t\t\t<\/div>\n\t\t\t    \t\n\t\t\t\n\t\t<\/div>\n\t<\/div>\n<\/div> \n\n<div class=\"spacer\"><\/div><\/div><div class=\"lazyblock-interior-content-Z1mGe3H wp-block-lazyblock-interior-content\"><div class=\"spacer\"><\/div>\n\n<div class=\"section\">\n\t<div class=\"paddedWrapper\">\n\t\t<div class=\"wrapper flex gutenberg\" style=\"justify-content: center;\">\n\n\t\t\t\n\t\t\t<div class=\"smallWrapper gutenberg\">\n\t\t\t\n\t\t\t\t<div class=\"h3\">Consulte as taxas atuais para dep\u00f3sitos e empr\u00e9stimos. Tenha em aten\u00e7\u00e3o a data de vig\u00eancia.<\/div>\n\t\t\t  \n\t\t\t  \t<hr style=\"margin-bottom: 5rem;\">\n\t\t\t\t\n\t\t\t\t\n\t\t\t<\/div>\n\n\t\t<\/div>\n\t<\/div>\n<\/div> <\/div><div class=\"lazyblock-quicklinks-Z1FdCkX wp-block-lazyblock-quicklinks\"><div class=\"spacer\"><\/div>\n\n<div class=\"section\">\n\t<div class=\"paddedWrapper\">\n\n\t\t<div class=\"wrapper quickLinkWrapper\">\n\t\t\t<div class=\"quickLinks\">\n\t\t\t  \t\t\t\t\t\t<div class=\"quickLink\" style=\"position: relative\" tabindex=\"0\">\n\t\t\t\t\t\t\t\t\t\t\t\t\t<img decoding=\"async\" class=\"hide\" src=\"https:\/\/baycoast.bank\/wp-content\/uploads\/2020\/07\/businessCheckingIcon.svg\" tabindex=\"0\" alt=\"Juros de dep\u00f3sito icon\">\n\t\t\t\t\t\t\n\t\t\t\t\t\t\t\t\t\t\t\t\t<div class=\"h3 blue hide\" role=\"title\" tabindex=\"0\">Juros de dep\u00f3sito<\/div>\n\t\t\t\t\t\t\t\t\t\t\t\t\t\n\t\t\t\t\t\t\t\t\t\t\t\t\t\n\t\t\t\t\t\t\t\t\t\t\t\t\t<a class=\"backing\" style=\"z-index: 99;\" href=\"https:\/\/baycoast.bank\/rates\/deposit-rates\"><span class=\"srOnly\">Juros de dep\u00f3sito<\/span><\/a>\n\t\t\t\t\t\t\t<div class=\"btn blue hide\" role=\"button\" tabindex=\"0\">Consulte as taxas&nbsp;<span class=\"primaryColor\">+<\/span> <div class=\"backing\"><\/div><\/div>\n\t\t\t\t\t\t\t\t\t\t\t<\/div>\n\t\t\t\t\t\t\t\t\t<div class=\"quickLink\" style=\"position: relative\" tabindex=\"0\">\n\t\t\t\t\t\t\t\t\t\t\t\t\t<img decoding=\"async\" class=\"hide\" src=\"https:\/\/baycoast.bank\/wp-content\/uploads\/2020\/07\/businessBorrowingIcon.svg\" tabindex=\"0\" alt=\"Taxas de empr\u00e9stimo icon\">\n\t\t\t\t\t\t\n\t\t\t\t\t\t\t\t\t\t\t\t\t<div class=\"h3 blue hide\" role=\"title\" tabindex=\"0\">Taxas de empr\u00e9stimo<\/div>\n\t\t\t\t\t\t\t\t\t\t\t\t\t\n\t\t\t\t\t\t\t\t\t\t\t\t\t\n\t\t\t\t\t\t\t\t\t\t\t\t\t<a class=\"backing\" style=\"z-index: 99;\" href=\"https:\/\/baycoast.bank\/rates\/loan-rates\"><span class=\"srOnly\">Taxas de empr\u00e9stimo<\/span><\/a>\n\t\t\t\t\t\t\t<div class=\"btn blue hide\" role=\"button\" tabindex=\"0\">Consulte as taxas&nbsp;<span class=\"primaryColor\">+<\/span> <div class=\"backing\"><\/div><\/div>\n\t\t\t\t\t\t\t\t\t\t\t<\/div>\n\t\t\t\t\t\t\t\t\t<div class=\"quickLink\" style=\"position: relative\" tabindex=\"0\">\n\t\t\t\t\t\t\t\t\t\t\t\t\t<img decoding=\"async\" class=\"hide\" src=\"https:\/\/baycoast.bank\/wp-content\/uploads\/2020\/07\/businessSavingsIcon.svg\" tabindex=\"0\" alt=\"Necessita de mais algum esclarecimento? icon\">\n\t\t\t\t\t\t\n\t\t\t\t\t\t\t\t\t\t\t\t\t<div class=\"h3 blue hide\" role=\"title\" tabindex=\"0\">Necessita de mais algum esclarecimento?<\/div>\n\t\t\t\t\t\t\t\t\t\t\t\t\t\n\t\t\t\t\t\t\t\t\t\t\t\t\t\n\t\t\t\t\t\t\t\t\t\t\t\t\t<a class=\"backing\" style=\"z-index: 99;\" href=\"https:\/\/baycoast.bank\/about-us\/customer-support\/\"><span class=\"srOnly\">Necessita de mais algum esclarecimento?<\/span><\/a>\n\t\t\t\t\t\t\t<div class=\"btn blue hide\" role=\"button\" tabindex=\"0\">Contacte-nos&nbsp;<span class=\"primaryColor\">+<\/span> <div class=\"backing\"><\/div><\/div>\n\t\t\t\t\t\t\t\t\t\t\t<\/div>\n\t\t\t\t\t\t\t<\/div>\n\t\t<\/div>\n\t\t\n\t<\/div>\n<\/div><\/div>","protected":false},"excerpt":{"rendered":"","protected":false},"author":1,"featured_media":5452,"parent":0,"menu_order":148,"comment_status":"closed","ping_status":"closed","template":"","meta":{"_acf_changed":false,"inline_featured_image":false,"footnotes":""},"class_list":["post-7373","page","type-page","status-publish","has-post-thumbnail","hentry"],"acf":[],"featured_image_urls_v2":{"full":["https:\/\/baycoast.bank\/wp-content\/uploads\/2020\/07\/iStock-513602205-min-e1596923658446.jpg",2121,1166,false],"thumbnail":["https:\/\/baycoast.bank\/wp-content\/uploads\/2020\/07\/iStock-513602205-min-e1596923658446-150x150.jpg",150,150,true],"medium":["https:\/\/baycoast.bank\/wp-content\/uploads\/2020\/07\/iStock-513602205-min-e1596923658446-300x165.jpg",300,165,true],"medium_large":["https:\/\/baycoast.bank\/wp-content\/uploads\/2020\/07\/iStock-513602205-min-e1596923658446-768x422.jpg",768,422,true],"large":["https:\/\/baycoast.bank\/wp-content\/uploads\/2020\/07\/iStock-513602205-min-e1596923658446-1024x563.jpg",1024,563,true],"1536x1536":["https:\/\/baycoast.bank\/wp-content\/uploads\/2020\/07\/iStock-513602205-min-e1596923658446-1536x844.jpg",1536,844,true],"2048x2048":["https:\/\/baycoast.bank\/wp-content\/uploads\/2020\/07\/iStock-513602205-min-e1596923658446-2048x1126.jpg",2048,1126,true]},"post_excerpt_stackable_v2":"<p>Taxas Consulte as taxas atuais para dep\u00f3sitos e empr\u00e9stimos. Tenha em aten\u00e7\u00e3o a data de vig\u00eancia. Juros de dep\u00f3sito Juros de dep\u00f3sito Consulte as taxas&nbsp;+ Taxas de empr\u00e9stimo Taxas de empr\u00e9stimo Consulte as taxas&nbsp;+ Necessita de mais algum esclarecimento? Necessita de mais algum esclarecimento? Contacte-nos&nbsp;+<\/p>\n","category_list_v2":"","author_info_v2":{"name":"","url":"https:\/\/baycoast.bank\/pt-pt\/author\/"},"comments_num_v2":"0 comments","publishpress_future_action":{"enabled":false,"date":"2026-04-29 08:03:45","action":"change-status","newStatus":"draft","terms":[],"taxonomy":"translation_priority","extraData":[]},"publishpress_future_workflow_manual_trigger":{"enabledWorkflows":[]},"_links":{"self":[{"href":"https:\/\/baycoast.bank\/pt-pt\/wp-json\/wp\/v2\/pages\/7373","targetHints":{"allow":["GET"]}}],"collection":[{"href":"https:\/\/baycoast.bank\/pt-pt\/wp-json\/wp\/v2\/pages"}],"about":[{"href":"https:\/\/baycoast.bank\/pt-pt\/wp-json\/wp\/v2\/types\/page"}],"author":[{"embeddable":true,"href":"https:\/\/baycoast.bank\/pt-pt\/wp-json\/wp\/v2\/users\/1"}],"replies":[{"embeddable":true,"href":"https:\/\/baycoast.bank\/pt-pt\/wp-json\/wp\/v2\/comments?post=7373"}],"version-history":[{"count":0,"href":"https:\/\/baycoast.bank\/pt-pt\/wp-json\/wp\/v2\/pages\/7373\/revisions"}],"wp:featuredmedia":[{"embeddable":true,"href":"https:\/\/baycoast.bank\/pt-pt\/wp-json\/wp\/v2\/media\/5452"}],"wp:attachment":[{"href":"https:\/\/baycoast.bank\/pt-pt\/wp-json\/wp\/v2\/media?parent=7373"}],"curies":[{"name":"wp","href":"https:\/\/api.w.org\/{rel}","templated":true}]}}