{"id":7389,"date":"2020-08-08T22:21:22","date_gmt":"2020-08-09T02:21:22","guid":{"rendered":"https:\/\/baycoast.bank\/abrir-conta-online\/"},"modified":"2025-07-14T14:45:44","modified_gmt":"2025-07-14T18:45:44","slug":"abrir-conta-online","status":"publish","type":"page","link":"https:\/\/baycoast.bank\/pt-pt\/abrir-conta-online\/","title":{"rendered":"Abertura de conta online"},"content":{"rendered":"<div class=\"lazyblock-interior-hero-ZSvyCf wp-block-lazyblock-interior-hero\">\n<div class=\"section hero\">\n\t<div class=\"backing parallaxContainer\">\n\t\t<div class=\"backing\" style=\"background-image: url(https:\/\/baycoast.bank\/wp-content\/uploads\/2020\/07\/resource_rhodeIsland-min.jpg\" role=\"img\" aria-label=\"Hero Image\"><\/div>\n\t<\/div>\n\n\t<div class=\"heroContent\">\n\t\t<div class=\"plusPlus blue\" ><\/div>\n\t\t\n\t\t<div class=\"heroWrapper\">\n\t\t\t<div class=\"heroBlock bgWhite\">\n\t\t\t\t\n\t\t\t\t<div class=\"heroBlockHeadline\">\n\n\t\t\t\t\t\t\t\t\t\t\n\t\t\t\t\t<h1 class=\"blue\">Abertura de conta online<\/h1>\n\t\t\t\t<\/div>\n\t\t\t<\/div>\n\t\t\t    \t\n\t\t\t\n\t\t<\/div>\n\t<\/div>\n<\/div> \n\n<div class=\"spacer\"><\/div><\/div><div class=\"lazyblock-interior-content-7tvUY wp-block-lazyblock-interior-content\"><div class=\"spacer\"><\/div>\n\n<div class=\"section\">\n\t<div class=\"paddedWrapper\">\n\t\t<div class=\"wrapper flex gutenberg\" style=\"justify-content: center;\">\n\n\t\t\t\n\t\t\t<div class=\"smallWrapper gutenberg\">\n\t\t\t\n\t\t\t\t<div class=\"h3\">Bem-vindo \u00e0 abertura de conta online!<\/div>\n\t\t\t  \n\t\t\t  \t<hr style=\"margin-bottom: 5rem;\">\n\t\t\t\t\n\t\t\t\t\n\n<p>O BayCoast Bank est\u00e1 a tornar a atividade banc\u00e1ria mais f\u00e1cil do que nunca com a conveni\u00eancia da abertura de contas online.<\/p>\n\n\n\n<h2 class=\"wp-block-heading h4\">Come\u00e7a por escolher qualquer uma destas excelentes contas:<\/h2>\n\n\n\n<h2 class=\"wp-block-heading has-text-color has-link-color wp-elements-d2619e150ab9278805a9a5f037bf22d9\" style=\"color:#18428f\"><strong>Contas \u00e0 Ordem<\/strong><\/h2>\n\n\n\n<p><strong>Active Checking &#8211; <\/strong><a href=\"https:\/\/apply.baycoast.bank\/apply.aspx?enc=Kw21Wblm1yxpjJabdoZaD8Gt5F8AGMk9HZu4Ma1r7QewstuQif7nTAPMm3uYKgZZHbYxzv1AeuFtgBZYnMq8rA\">Open Now<\/a><br\/>Uma conta corrente remunerada concebida com carater\u00edsticas especiais que recompensam o teu estilo de vida ativo.<\/p>\n\n\n\n<p><strong>Preferred Checking &#8211; <\/strong><a href=\"https:\/\/apply.baycoast.bank\/apply.aspx?enc=Kw21Wblm1yxpjJabdoZaD8Gt5F8AGMk9HZu4Ma1r7QewstuQif7nTAPMm3uYKgZZHbYxzv1AeuFtgBZYnMq8rA\">Abre agora<\/a><br\/>A conta de benef\u00edcios melhorados que oferece carater\u00edsticas como taxas de CD preferenciais e taxas de empr\u00e9stimo com desconto.<\/p>\n\n\n\n<p><strong>Diret Checking &#8211; <\/strong><a href=\"https:\/\/apply.baycoast.bank\/apply.aspx?enc=Kw21Wblm1yxpjJabdoZaD8Gt5F8AGMk9HZu4Ma1r7QewstuQif7nTAPMm3uYKgZZHbYxzv1AeuFtgBZYnMq8rA\">Open Now<\/a><br\/>Ideal para quem utiliza o dep\u00f3sito direto, esta conta econ\u00f3mica tem todos os elementos essenciais para evitar as taxas de manuten\u00e7\u00e3o mensais.<\/p>\n\n\n\n<p>Conta Corrente S\u00e9nior\/Menor <strong>&#8211; <\/strong><a href=\"https:\/\/apply.baycoast.bank\/apply.aspx?enc=Kw21Wblm1yxpjJabdoZaD8Gt5F8AGMk9HZu4Ma1r7QewstuQif7nTAPMm3uYKgZZHbYxzv1AeuFtgBZYnMq8rA\" target=\"_blank\" rel=\"noreferrer noopener\">Abre agora<\/a><br\/>A Conta Corrente S\u00e9nior\/Menor \u00e9 uma conta corrente gratuita para seniores com mais de 65 anos e menores de 19 anos.<\/p>\n\n\n\n<p><strong>Free Checking &#8211; <\/strong><a href=\"https:\/\/apply.baycoast.bank\/apply.aspx?enc=Kw21Wblm1yxpjJabdoZaD8Gt5F8AGMk9HZu4Ma1r7QewstuQif7nTAPMm3uYKgZZHbYxzv1AeuFtgBZYnMq8rA\" target=\"_blank\" rel=\"noreferrer noopener\">Open Now<\/a><br\/>Desfruta de nenhuma taxa de servi\u00e7o mensal e nenhum requisito de saldo m\u00ednimo, tornando esta conta a op\u00e7\u00e3o mais simples e acess\u00edvel para as tuas necessidades banc\u00e1rias.<\/p>\n\n\n\n<h2 class=\"wp-block-heading has-text-color has-link-color wp-elements-b655ac5cdb987f55aeb76566ccdadd82\" style=\"color:#18428f\"><strong>Contas poupan\u00e7a<\/strong><\/h2>\n\n\n\n<p><strong>Statement Savings- <\/strong><a href=\"https:\/\/apply.baycoast.bank\/apply.aspx?enc=Kw21Wblm1yxpjJabdoZaD8Gt5F8AGMk9HZu4Ma1r7QewstuQif7nTAPMm3uYKgZZHbYxzv1AeuFtgBZYnMq8rA\" target=\"_blank\" rel=\"noreferrer noopener\">Open Now<\/a><br\/>Aumenta as tuas poupan\u00e7as rapidamente e obt\u00e9m a comodidade de receber um extrato mensal sem ter de atualizar a caderneta.<\/p>\n\n\n\n<h2 class=\"wp-block-heading has-text-color has-link-color wp-elements-905bdd3cdb0a52e3faea53b5e826b6c9\" style=\"color:#18428f\"><strong>Mercados monet\u00e1rios<\/strong><\/h2>\n\n\n\n<p><strong>Money Market- <\/strong><a href=\"https:\/\/apply.baycoast.bank\/apply.aspx?enc=Kw21Wblm1yxpjJabdoZaD8Gt5F8AGMk9HZu4Ma1r7QewstuQif7nTAPMm3uYKgZZHbYxzv1AeuFtgBZYnMq8rA\">Open Now<\/a><br\/>Se queres uma conta que rende mais juros do que as contas correntes que rendem juros, esta conta \u00e9 para ti.<\/p>\n\n\n\n<h2 class=\"wp-block-heading has-text-color has-link-color wp-elements-9c098cb3433e049d6939d739c572f488\" style=\"color:#18428f\"><strong>Contas de certificados<\/strong><\/h2>\n\n\n\n<p><strong>Statement CD (Certificate of Deposit)<strong>&#8211; <\/strong><\/strong><a href=\"https:\/\/apply.baycoast.bank\/apply.aspx?enc=Kw21Wblm1yxpjJabdoZaD8Gt5F8AGMk9HZu4Ma1r7QewstuQif7nTAPMm3uYKgZZHbYxzv1AeuFtgBZYnMq8rA\" target=\"_blank\" rel=\"noreferrer noopener\">Open Now<\/a><br\/>Taxas de juro competitivas com uma variedade de termos para satisfazer todos os teus objectivos financeiros.<\/p>\n\n\n\n<p><a href=\"https:\/\/baycoast.bank\/pt-pt\/taxas\/\">Consulte as taxas<\/a><\/p>\n\n\n\t\t\t<\/div>\n\n\t\t<\/div>\n\t<\/div>\n<\/div> <\/div>","protected":false},"excerpt":{"rendered":"<p>Come\u00e7a por escolher qualquer uma destas excelentes contas.<\/p>\n","protected":false},"author":1,"featured_media":5486,"parent":0,"menu_order":145,"comment_status":"closed","ping_status":"closed","template":"","meta":{"_acf_changed":false,"inline_featured_image":false,"footnotes":""},"class_list":["post-7389","page","type-page","status-publish","has-post-thumbnail","hentry"],"acf":[],"featured_image_urls_v2":{"full":["https:\/\/baycoast.bank\/wp-content\/uploads\/2020\/07\/resource_rhodeIsland-min.jpg",2121,1414,false],"thumbnail":["https:\/\/baycoast.bank\/wp-content\/uploads\/2020\/07\/resource_rhodeIsland-min-150x150.jpg",150,150,true],"medium":["https:\/\/baycoast.bank\/wp-content\/uploads\/2020\/07\/resource_rhodeIsland-min-300x200.jpg",300,200,true],"medium_large":["https:\/\/baycoast.bank\/wp-content\/uploads\/2020\/07\/resource_rhodeIsland-min-768x512.jpg",768,512,true],"large":["https:\/\/baycoast.bank\/wp-content\/uploads\/2020\/07\/resource_rhodeIsland-min-1024x683.jpg",1024,683,true],"1536x1536":["https:\/\/baycoast.bank\/wp-content\/uploads\/2020\/07\/resource_rhodeIsland-min-1536x1024.jpg",1536,1024,true],"2048x2048":["https:\/\/baycoast.bank\/wp-content\/uploads\/2020\/07\/resource_rhodeIsland-min-2048x1365.jpg",2048,1365,true]},"post_excerpt_stackable_v2":"<p>Come\u00e7a por escolher qualquer uma destas excelentes contas.<\/p>\n","category_list_v2":"","author_info_v2":{"name":"","url":"https:\/\/baycoast.bank\/pt-pt\/author\/"},"comments_num_v2":"0 comments","publishpress_future_action":{"enabled":false,"date":"2026-05-12 17:55:33","action":"change-status","newStatus":"draft","terms":[],"taxonomy":"translation_priority","extraData":[]},"publishpress_future_workflow_manual_trigger":{"enabledWorkflows":[]},"_links":{"self":[{"href":"https:\/\/baycoast.bank\/pt-pt\/wp-json\/wp\/v2\/pages\/7389","targetHints":{"allow":["GET"]}}],"collection":[{"href":"https:\/\/baycoast.bank\/pt-pt\/wp-json\/wp\/v2\/pages"}],"about":[{"href":"https:\/\/baycoast.bank\/pt-pt\/wp-json\/wp\/v2\/types\/page"}],"author":[{"embeddable":true,"href":"https:\/\/baycoast.bank\/pt-pt\/wp-json\/wp\/v2\/users\/1"}],"replies":[{"embeddable":true,"href":"https:\/\/baycoast.bank\/pt-pt\/wp-json\/wp\/v2\/comments?post=7389"}],"version-history":[{"count":0,"href":"https:\/\/baycoast.bank\/pt-pt\/wp-json\/wp\/v2\/pages\/7389\/revisions"}],"wp:featuredmedia":[{"embeddable":true,"href":"https:\/\/baycoast.bank\/pt-pt\/wp-json\/wp\/v2\/media\/5486"}],"wp:attachment":[{"href":"https:\/\/baycoast.bank\/pt-pt\/wp-json\/wp\/v2\/media?parent=7389"}],"curies":[{"name":"wp","href":"https:\/\/api.w.org\/{rel}","templated":true}]}}