{"id":7403,"date":"2020-08-09T23:09:30","date_gmt":"2020-08-10T03:09:30","guid":{"rendered":"https:\/\/baycoast.bank\/outros-servicos\/protecao-para-valores-a-descoberto\/bounce-protection\/"},"modified":"2023-02-28T15:54:49","modified_gmt":"2023-02-28T20:54:49","slug":"bounce-protection","status":"publish","type":"page","link":"https:\/\/baycoast.bank\/pt-pt\/outros-servicos\/protecao-para-valores-a-descoberto\/bounce-protection\/","title":{"rendered":"Bounce Protection"},"content":{"rendered":"<div class=\"lazyblock-interior-hero-2hLAwA wp-block-lazyblock-interior-hero\">\n<div class=\"section hero\">\n\t<div class=\"backing parallaxContainer\">\n\t\t<div class=\"backing\" style=\"background-image: url(https:\/\/baycoast.bank\/wp-content\/uploads\/2020\/07\/iStock-857481660-1-min-scaled-e1616785873231.jpg\" role=\"img\" aria-label=\"Hero Image\"><\/div>\n\t<\/div>\n\n\t<div class=\"heroContent\">\n\t\t<div class=\"plusPlus blue\" ><\/div>\n\t\t\n\t\t<div class=\"heroWrapper\">\n\t\t\t<div class=\"heroBlock bgWhite\">\n\t\t\t\t\n\t\t\t\t<div class=\"heroBlockHeadline\">\n\n\t\t\t\t\t\t\t\t\t\t\t<div class=\"categories flex\" style=\"justify-content: flex-start;\">\n\t\t\t\t\t\t\t<div class=\"h6\">\n\n\t\t\t\t\t\t\t  \t\t\t\t\t\t\t\t    \t<a href=\"https:\/\/baycoast.bank\/pt-pt\/outros-servicos\/protecao-para-valores-a-descoberto\/\">Prote\u00e7\u00e3o para valores a descoberto<\/a>\n\t\t\t\t\t\t\t    \t\t\t\t\t\t\t  \n\t\t\t\t\t\t\t<\/div>\n\t\t\t\t\t\t\t\n\t\t\t\t\t\t\t\t\t\t\t\t\t<\/div>\n\t\t\t\t\t\t\t\t\t\t\n\t\t\t\t\t<h1 class=\"blue\">Bounce Protection<\/h1>\n\t\t\t\t<\/div>\n\t\t\t<\/div>\n\t\t\t    \t\n\t\t\t\n\t\t<\/div>\n\t<\/div>\n<\/div> \n\n<div class=\"spacer\"><\/div><\/div><div class=\"lazyblock-interior-content-Z2rVaAC wp-block-lazyblock-interior-content\"><div class=\"spacer\"><\/div>\n\n<div class=\"section\">\n\t<div class=\"paddedWrapper\">\n\t\t<div class=\"wrapper flex gutenberg\" style=\"justify-content: center;\">\n\n\t\t\t\n\t\t\t<div class=\"smallWrapper gutenberg\">\n\t\t\t\n\t\t\t\t<div class=\"h3\">Ter um cheque devolvido pode ser um erro dispendioso.<\/div>\n\t\t\t  \n\t\t\t  \t<hr style=\"margin-bottom: 5rem;\">\n\t\t\t\t\n\t\t\t\t\n\n<h2 class=\"h4 wp-block-heading\">O BayCoast Bank oferece Bounce Protection, adequada para aqueles momentos inesperados na vida.<\/h2>\n\n\n\n<p>Por vezes, despesas imprevistas ou problemas inesperados podem levar quase todo o dinheiro da sua conta \u00e0 ordem. Ter um cheque devolvido por fundos insuficientes pode ser uma situa\u00e7\u00e3o dispendiosa, desagrad\u00e1vel e at\u00e9 mesmo embara\u00e7osa. No BayCoast Bank, n\u00e3o incentivamos os valores a descoberto. Como sempre, incentivamos a gest\u00e3o respons\u00e1vel das suas finan\u00e7as. Contudo, queremos evitar-lhe as taxas adicionais dos comerciantes e eventual preju\u00edzo do seu hist\u00f3rico de cr\u00e9dito que possa resultar da devolu\u00e7\u00e3o de um cheque. \u00c9 por isso que oferecemos o Bounce Protection<sup>SM<\/sup>, um servi\u00e7o especial para valores a descoberto destinado aos clientes do BayCoast Bank.<\/p>\n\n\n\n<h3 class=\"h4 wp-block-heading\">O que \u00e9 o Bounce Protection<sup>SM<\/sup>?<\/h3>\n\n\n\n<p>O Bounce Protection \u00e9 um servi\u00e7o para valores a descoberto discricion\u00e1rio que n\u00e3o exige qualquer a\u00e7\u00e3o da sua parte e que lhe oferece uma rede de seguran\u00e7a, com um limite m\u00e1ximo atribu\u00eddo automaticamente, de valor a descoberto. O seu limite Bounce Protection pode ser disponibilizado para cheques e outras transa\u00e7\u00f5es associadas ao seu n\u00famero de conta \u00e0 ordem ou pagamento de faturas autom\u00e1tico e pagamentos recorrentes atrav\u00e9s de cart\u00e3o de d\u00e9bito. Tamb\u00e9m, a seu pedido (apenas para contas pessoais), podemos autorizar e pagar transfer\u00eancias Multibanco ou levantamentos e compras di\u00e1rias com o seu cart\u00e3o de d\u00e9bito at\u00e9 ao limite estipulado.<\/p>\n\n\n\n<h4 class=\"wp-block-heading\">Quanto custa o meu Bounce Protection?<\/h4>\n\n\n\n<p>N\u00e3o existem custos associados a este benef\u00edcio, exceto quando utilizar o servi\u00e7o. Cobramos a nossa taxa de valor a descoberto, no valor de $35, por cada levantamento realizado atrav\u00e9s de um cheque de papel tradicional, levantamento na caixa de um balc\u00e3o, transa\u00e7\u00e3o de pagamento autom\u00e1tico (d\u00e9bito direto), ou pagamento recorrente com cart\u00e3o de d\u00e9bito. Se nos tiver solicitado especificamente (apenas para contas pessoais), podemos autorizar e cobrir transfer\u00eancias ou levantamentos no Multibanco e compras di\u00e1rias com cart\u00e3o de d\u00e9bito. Por exemplo, tr\u00eas artigos pagos num dia implica uma taxa de valor a descoberto no valor de $105. Para ajudar a gerir a sua conta, o valor total das taxas pagas por movimento (tanto pagas como devolvidas) durante o m\u00eas atual, e ao longo do ano at\u00e9 essa data, ser\u00e3o refletidas no seu extrato de conta mensal.<\/p>\n\n\n\n<h4 class=\"wp-block-heading\">Como funciona o Bounce Protection?<\/h4>\n\n\n\n<p>Enquanto mantiver a sua conta em \u201cboa forma\u201d, podemos aprovar os seus movimentos a descoberto, de acordo com o limite disponibilizado pelo Bounce Protection, como uma cortesia n\u00e3o contratual. Para usufruir do privil\u00e9gio de realizar movimentos a descoberto, considera-se que a conta est\u00e1 em \u201cboa forma\u201d se (1) realizar dep\u00f3sitos suficientes para repor o saldo positivo da sua conta, pelo menos, uma vez a cada 30 dias de calend\u00e1rio (incluindo o pagamento de todas as taxas e despesas banc\u00e1rias); (2) evitar um elevado n\u00famero de valores a descoberto que indiciem a utiliza\u00e7\u00e3o do Bounce Protection como uma linha de cr\u00e9dito continuada; e (3) n\u00e3o existirem ordens judiciais, multas ou penhoras da sua conta. Tenha em aten\u00e7\u00e3o que ser\u00e1 deduzido do seu limite de valor a descoberto o montante do valor a descoberto, acrescido da nossa taxa de valor a descoberto, de at\u00e9 $35 por cada movimento realizado. Se o movimento for devolvido, a taxa de valor a descoberto, no valor de at\u00e9 $35, ser\u00e1 deduzida da sua conta. N\u00e3o ser\u00e3o cobrados juros ao saldo a descoberto. Para obter mais informa\u00e7\u00f5es, consulte a pol\u00edtica de valor a descoberto do cliente.<\/p>\n\n\n\n<h4 class=\"wp-block-heading\">Como \u00e9 que sei que estou a usar o limite de valor a descoberto?<\/h4>\n\n\n\n<p>Receber\u00e1 uma notifica\u00e7\u00e3o de valor a descoberto, sempre que os movimentos forem pagos, incluindo as taxas. Dever\u00e1 subtrair o valor total das taxas quando consultar o saldo da sua conta.<\/p>\n\n\n\n<h4 class=\"wp-block-heading\">Qual \u00e9 o meu limite de Bounce Protection? Se tiver duas contas \u00e0 ordem, posso ter Bounce Protection nas duas?<\/h4>\n\n\n\n<p>O limite de Bounce Protection \u00e9 de $500 para cada conta \u00e0 ordem particular eleg\u00edvel e de $1,000 para cada conta \u00e0 ordem para empresas eleg\u00edvel, independentemente de ter ou n\u00e3o v\u00e1rias contas.<\/p>\n\n\n\n<h4 class=\"wp-block-heading\">E se exceder o meu limite de Bounce Protection?<\/h4>\n\n\n\n<p>Os valores a descoberto acima e para al\u00e9m do limite estabelecido para o Bounce Protection pode levar \u00e0 devolu\u00e7\u00e3o de cheques ou outras transa\u00e7\u00f5es ao benefici\u00e1rio. A taxa de valor a descoberto, no valor de at\u00e9 $35, ser\u00e1 cobrada por movimento e debitada na sua conta. Ser\u00e1 enviada uma notifica\u00e7\u00e3o de fundos insuficientes, para alertar dos movimentos pagos e\/ou devolvidos.<\/p>\n\n\n\n<h4 class=\"wp-block-heading\">Qual \u00e9 o prazo para liquidar o meu servi\u00e7o de Bounce Protection?<\/h4>\n\n\n\n<p>Dever\u00e1 tentar repor o saldo positivo da sua conta o mais r\u00e1pido poss\u00edvel, devendo faz\u00ea-lo no prazo de 30 dias de calend\u00e1rio. Se n\u00e3o tiver possibilidade de fazer a liquida\u00e7\u00e3o, receber\u00e1 uma carta do BayCoast Bank a informar que o seu limite de Bounce Protection foi suspenso e os movimentos adicionais ser\u00e3o devolvidos. Exceto nas situa\u00e7\u00f5es em que receber uma informa\u00e7\u00e3o contr\u00e1ria da nossa parte, ou que nos solicite a elimina\u00e7\u00e3o deste servi\u00e7o da sua conta, o seu limite voltar\u00e1 a ficar dispon\u00edvel para cobrir valores a descoberto no primeiro dia \u00fatil ap\u00f3s ter reposto o saldo positivo da sua conta.<\/p>\n\n\n\n<h4 class=\"wp-block-heading\">De que outras formas posso aceder ao meu limite de Bounce Protection? O meu limite depende do saldo que apresento?<\/h4>\n\n\n\n<p>A tabela seguinte apresenta as diferentes formas de aceder ao seu limite de Bounce Protection e indica se este limite depende do saldo que apresenta.<\/p>\n\n\n\n<figure class=\"wp-block-table\"><table><tbody><tr><td><strong>Pontos de acesso<\/strong><\/td><td><strong>O meu privil\u00e9gio de valores a descoberto est\u00e1 dispon\u00edvel?<\/strong><\/td><td><strong>O saldo apresentado tem implica\u00e7\u00f5es no limite do meu privil\u00e9gio de valor a descoberto?<\/strong><\/td><\/tr><tr><td>Ao balc\u00e3o<\/td><td>Sim<\/td><td>N\u00e3o<\/td><\/tr><tr><td>Emitir um cheque<\/td><td>Sim<\/td><td>N\/A<\/td><\/tr><tr><td>Cart\u00e3o de d\u00e9bito (recorrente)<\/td><td>Sim<\/td><td>N\/A<\/td><\/tr><tr><td>Cart\u00e3o de d\u00e9bito (di\u00e1rio)<\/td><td>N\u00e3o**<br\/>Sim (contas para empresas)<\/td><td>N\u00e3o <\/td><\/tr><tr><td>Levantamento na caixa Multibanco<\/td><td>N\u00e3o**<br\/>Sim (contas para empresas)<\/td><td>N\u00e3o <\/td><\/tr><tr><td>D\u00e9bito Direto<\/td><td>Sim<\/td><td>N\/A<\/td><\/tr><tr><td>Banco Online<\/td><td>Sim<\/td><td>N\u00e3o<\/td><\/tr><tr><td>Pagamento de Contas<\/td><td>Sim<\/td><td>N\/A<\/td><\/tr><tr><td>Banco Telef\u00f3nico<\/td><td>Sim<\/td><td>N\u00e3o<\/td><\/tr><\/tbody><\/table><figcaption class=\"wp-element-caption\">** O servi\u00e7o Bounce Protection ser\u00e1 disponibilizado para transa\u00e7\u00f5es di\u00e1rias em caixa Multibanco ou cart\u00e3o de d\u00e9bito sob pedido. Ligue (508) 678-7641 ou visite um dos nossos balc\u00f5es para solicitar a cobertura para transa\u00e7\u00f5es na caixa Multibanco e cart\u00e3o de d\u00e9bito na sua conta \u00e0 ordem particular.<\/figcaption><\/figure>\n\n\n\n<h4 class=\"wp-block-heading\">A partir de quando posso usar o meu servi\u00e7o de Bounce Protection?<\/h4>\n\n\n\n<p>Ter\u00e1 acesso ao Bounce Protection, 30 dias ap\u00f3s abrir a sua conta, assumindo que a sua conta est\u00e1 em \u201cboa forma\u201d, conforme descrito nesta brochura.<\/p>\n\n\n\n<h4 class=\"wp-block-heading\">De que outras formas posso cobrir os valores a descoberto no BayCoast Bank?<\/h4>\n\n\n\n<p>A melhor forma para evitar valores a descoberto e taxas associadas \u00e9 manter um registo do saldo da sua conta, introduzindo todos os movimentos de cheques, compras com cart\u00e3o de d\u00e9bito e levantamentos nas caixas Multibanco no seu livro de movimentos, que deve comparar regularmente com o seu livro de cheques, e gerir as suas finan\u00e7as de forma respons\u00e1vel. Contudo, se ocorrer um erro, o BayCoast Bank oferece outras formas de cobrir valores a descoberto, para al\u00e9m do Bounce Protection.<\/p>\n\n\n\n<figure class=\"wp-block-table\"><table><tbody><tr><td>Boa gest\u00e3o da conta<\/td><td>$0<\/td><\/tr><tr><td>Liga\u00e7\u00e3o \u00e0 conta poupan\u00e7a<\/td><td>Taxa de transfer\u00eancia de $5 para cobrir o montante exato necess\u00e1rio.<\/td><\/tr><tr><td>Linha de cr\u00e9dito a descoberto<\/td><td>A taxa de juro preferencial do The Wall Street Journal acrescido de 6%. TAE m\u00ednimo de 10% e m\u00e1xima de 18%.<\/td><\/tr><tr><td>Bounce Protection<\/td><td>Taxa de valor a descoberto de at\u00e9 $35 por cada movimento, ou $5 nas contas 18\/65 qualificadas.<\/td><\/tr><tr><td>* Estes custos s\u00e3o apresentados apenas como exemplo. Consulte-nos para saber mais sobre os nossos produtos e taxas.<\/td><\/tr><\/tbody><\/table><\/figure>\n\n\n\n<h4 class=\"wp-block-heading\">E se preferir n\u00e3o ter o servi\u00e7o Bounce Protection na minha conta \u00e0 ordem?<\/h4>\n\n\n\n<p>Se pretender remover este servi\u00e7o da sua conta, ligue (508) 678-7641 ou visite um dos nossos balc\u00f5es.<\/p>\n\n\n\n<h4 class=\"wp-block-heading\">Pol\u00edtica de cliente do servi\u00e7o Bounce Protection<\/h4>\n\n\n\n<p>Um saldo insuficiente pode resultar de diferentes situa\u00e7\u00f5es, como (1) o pagamento de cheques, transfer\u00eancias eletr\u00f3nicas de fundos ou outros pedidos de levantamento; (2) pagamentos autorizados por si; (3) a devolu\u00e7\u00e3o de movimentos n\u00e3o pagos depositados por si; (4) taxas do servi\u00e7o do banco; ou (5) o dep\u00f3sito de movimentos que, de acordo com a Pol\u00edtica de Disponibilidade de Fundos do Banco, s\u00e3o tratados como ainda indispon\u00edveis ou finalmente pagos. N\u00e3o estamos obrigados a pagar qualquer movimento apresentado para pagamento se a sua conta \u00e0 ordem n\u00e3o apresentar fundos suficientes.<\/p>\n\n\n\n<p>Enquanto mantiver a sua conta em \u201cboa forma\u201d, podemos aprovar os seus movimentos a descoberto, de acordo com o limite disponibilizado pelo Bounce Protection, como uma cortesia n\u00e3o contratual. Para usufruir da cortesia de prote\u00e7\u00e3o para valores a descoberto, considera-se que a conta est\u00e1 em \u201cboa forma\u201d se (1) realizar dep\u00f3sitos suficientes para repor o saldo positivo da sua conta, pelo menos, uma vez a cada 30 dias de calend\u00e1rio (incluindo o pagamento de todas as taxas e despesas banc\u00e1rias); (2) evitar um elevado n\u00famero de valores a descoberto que indiciem a utiliza\u00e7\u00e3o do Bounce Protection como uma linha de cr\u00e9dito continuada; e (3) n\u00e3o existirem ordens judiciais, multas ou penhoras da sua conta.<\/p>\n\n\n\n<p>No nosso processamento normal, pagamos primeiro as transa\u00e7\u00f5es eletr\u00f3nicas e depois os cheques (do valor monet\u00e1rio menor para o maior), de acordo com a pol\u00edtica do banco. Reservamo-nos o direito de alterar a ordem de pagamento sem aviso pr\u00e9vio, caso suspeitemos de fraude ou eventual atividade ilegal que esteja a afetar a sua conta. Al\u00e9m disso, tenha em aten\u00e7\u00e3o que a ordem de pagamento do movimento pode criar v\u00e1rios movimentos de valor a descoberto durante um \u00fanico dia \u00fatil, pelo que ser\u00e1 cobrada a nossa taxa de valor a descoberto, no valor de at\u00e9 $35.00 (ou $5.00 nas contas 18\/65 qualificadas), por cada movimento de valor a descoberto pago.<\/p>\n\n\n\n<p>Pode prescindir do Bounce Protection a qualquer momento, mas assumir\u00e1 a responsabilidades por quaisquer valores a descoberto no momento do cancelamento. Geralmente, n\u00e3o aprovaremos um valor a descoberto que exceda o montante predeterminado atribu\u00eddo ao seu tipo de conta. De forma a n\u00e3o exceder o seu limite, tenha em aten\u00e7\u00e3o que o montante do valor a descoberto mais a taxa de valor a descoberto do banco, no valor de at\u00e9 $35.00 (ou $5.00 nas contas 18\/65 qualificadas), por cada movimento ser\u00e3o deduzidos do seu limite de valor a descoberto.<\/p>\n\n\n\n<p>Poderemos recusar o pagamento de um movimento a descoberto a qualquer momento, mesmo que, anteriormente, tenhamos pagado outros movimentos com valor a descoberto. Por exemplo, geralmente, n\u00e3o pagamos movimentos de valores a descoberto se a sua conta n\u00e3o estiver em \u201cboa forma\u201d, conforme definido nesta brochura ou, se de acordo com a nossa avalia\u00e7\u00e3o da sua gest\u00e3o de conta, determinarmos que apresenta demasiados valores a descoberto ou que est\u00e1 a usar o servi\u00e7o de Bounce Protection como uma linha de cr\u00e9dito frequente. Ser-lhe-\u00e1 cobrada uma taxa de valor a descoberto, no valor de at\u00e9 $35.00 (ou $5.00 nas contas 18\/65 qualificadas), por cada movimento devolvido.<\/p>\n\n\n\n<p>Aplicaremos um limite m\u00e1ximo di\u00e1rio de seis (6) taxas de valor a descoberto que ser\u00e3o cobradas.<\/p>\n\n\n\n<p>Receber\u00e1 uma notifica\u00e7\u00e3o por e-mail de qualquer pagamento ou devolu\u00e7\u00e3o de movimentos de fundos insuficientes ou n\u00e3o deduzidos que tenham ocorrido; contudo, n\u00e3o temos obriga\u00e7\u00e3o de lhe enviar uma notifica\u00e7\u00e3o antes de pagarmos ou devolvermos qualquer movimento. O montante de qualquer valor a descoberto, incluindo a nossa taxa de valor a descoberto que nos seja devida, ser\u00e3o vencidos e exig\u00edveis sob pedido. Caso esse pedido n\u00e3o seja realizado, n\u00e3o dever\u00e1 superar os trinta (30) dias de calend\u00e1rio, ap\u00f3s a ocorr\u00eancia do valor a descoberto. Se ocorrer um valor a descoberto numa conta com mais de um titular na ficha, cada titular e agente, se aplic\u00e1vel, ser\u00e3o solidariamente respons\u00e1veis por todos os valores a descoberto e respetivas taxas.<\/p>\n\n\n\n<p>O servi\u00e7o de Bounce Protection n\u00e3o deve ser encarado como um incentivo para realizar valores a descoberto na sua conta. Para evitar taxas, aconselhamos a manter um registo do saldo da sua conta, introduzindo todos os movimentos no seu livro de movimentos, comparar regularmente com o seu livro de cheques, e gerir as suas finan\u00e7as de forma respons\u00e1vel. O banco tamb\u00e9m oferece outros planos de prote\u00e7\u00e3o para valores a descoberto, como a Prote\u00e7\u00e3o para valores a descoberto (associada \u00e0 sua conta poupan\u00e7a) e Linha de cr\u00e9dito para valores a descoberto, que pode ser menos dispendiosa do que o servi\u00e7o de Bounce Protection. Se pretender desativar o servi\u00e7o de Bounce Protection da sua conta, ou obter mais informa\u00e7\u00f5es sobre os nossos outros planos de prote\u00e7\u00e3o para valores a descoberto, ligue 508-678-7641 ou visite um balc\u00e3o perto de si.<\/p>\n\n\n\n<p>Tenha em aten\u00e7\u00e3o que o limite do servi\u00e7o Bounce Protection est\u00e1 dispon\u00edvel no processo de utiliza\u00e7\u00e3o de cheques de papel tradicionais, no levantamento na caixa de um banco, numa transa\u00e7\u00e3o de d\u00e9bito direto, numa transa\u00e7\u00e3o recorrente de cart\u00e3o de d\u00e9bito (ponto de venda), ou atrav\u00e9s de Banco Online, Pagamento de Contas, ou Banco Telef\u00f3nico. Adicionalmente, com recurso a documenta\u00e7\u00e3o de ades\u00e3o adequada preenchida pelo cliente (apenas contas pessoais), podemos autorizar e cobrir as transa\u00e7\u00f5es realizadas com cart\u00e3o Multibanco e cart\u00e3o de d\u00e9bito de utiliza\u00e7\u00e3o \u00fanica (ponto de venda). O limite n\u00e3o ser\u00e1 inclu\u00eddo no saldo dispon\u00edvel indicado durante uma consulta na caixa Multibanco, Banco Telef\u00f3nico, ou Banco Online.<\/p>\n\n\n\n<p>RESTRI\u00c7\u00d5ES: O servi\u00e7o Bounce Protection \u00e9 uma cortesia n\u00e3o contratual \u00e0 disposi\u00e7\u00e3o de todas as contas \u00e0 ordem em \u201cboa forma\u201d (com algumas exce\u00e7\u00f5es). O BayCoast Bank reserva-se o direito de limitar a participa\u00e7\u00e3o a uma conta por agregado\/entidade e de suspender, revogar, ou descontinuar este servi\u00e7o sem aviso pr\u00e9vio. Exceto nas situa\u00e7\u00f5es em que receber uma informa\u00e7\u00e3o contr\u00e1ria da nossa parte, ou que nos solicite a elimina\u00e7\u00e3o deste servi\u00e7o da sua conta, o seu limite voltar\u00e1 a ficar dispon\u00edvel para cobrir valores a descoberto no primeiro dia \u00fatil ap\u00f3s ter reposto o saldo positivo da sua conta.<\/p>\n\n\n\t\t\t<\/div>\n\n\t\t<\/div>\n\t<\/div>\n<\/div> <\/div>","protected":false},"excerpt":{"rendered":"","protected":false},"author":1,"featured_media":5352,"parent":7401,"menu_order":103,"comment_status":"closed","ping_status":"closed","template":"","meta":{"_acf_changed":false,"inline_featured_image":false,"footnotes":""},"class_list":["post-7403","page","type-page","status-publish","has-post-thumbnail","hentry"],"acf":[],"featured_image_urls_v2":{"full":["https:\/\/baycoast.bank\/wp-content\/uploads\/2020\/07\/iStock-857481660-1-min-scaled-e1616785873231.jpg",2560,1312,false],"thumbnail":["https:\/\/baycoast.bank\/wp-content\/uploads\/2020\/07\/iStock-857481660-1-min-scaled-e1616785873231-150x150.jpg",150,150,true],"medium":["https:\/\/baycoast.bank\/wp-content\/uploads\/2020\/07\/iStock-857481660-1-min-scaled-e1616785873231-300x154.jpg",300,154,true],"medium_large":["https:\/\/baycoast.bank\/wp-content\/uploads\/2020\/07\/iStock-857481660-1-min-scaled-e1616785873231-768x394.jpg",768,394,true],"large":["https:\/\/baycoast.bank\/wp-content\/uploads\/2020\/07\/iStock-857481660-1-min-scaled-e1616785873231-1024x525.jpg",1024,525,true],"1536x1536":["https:\/\/baycoast.bank\/wp-content\/uploads\/2020\/07\/iStock-857481660-1-min-scaled-e1616785873231-1536x787.jpg",1536,787,true],"2048x2048":["https:\/\/baycoast.bank\/wp-content\/uploads\/2020\/07\/iStock-857481660-1-min-scaled-e1616785873231-2048x1050.jpg",2048,1050,true]},"post_excerpt_stackable_v2":"<p>Prote\u00e7\u00e3o para valores a descoberto Bounce Protection Ter um cheque devolvido pode ser um erro dispendioso. O BayCoast Bank oferece Bounce Protection, adequada para aqueles momentos inesperados na vida. Por vezes, despesas imprevistas ou problemas inesperados podem levar quase todo o dinheiro da sua conta \u00e0 ordem. Ter um cheque devolvido por fundos insuficientes pode ser uma situa\u00e7\u00e3o dispendiosa, desagrad\u00e1vel e at\u00e9 mesmo embara\u00e7osa. No BayCoast Bank, n\u00e3o incentivamos os valores a descoberto. Como sempre, incentivamos a gest\u00e3o respons\u00e1vel das suas finan\u00e7as. Contudo, queremos evitar-lhe as taxas adicionais dos comerciantes e eventual preju\u00edzo do seu hist\u00f3rico de cr\u00e9dito que possa&hellip;<\/p>\n","category_list_v2":"","author_info_v2":{"name":"","url":"https:\/\/baycoast.bank\/pt-pt\/author\/"},"comments_num_v2":"0 comments","publishpress_future_action":{"enabled":false,"date":"2026-05-01 05:00:15","action":"change-status","newStatus":"draft","terms":[],"taxonomy":"translation_priority","extraData":[]},"publishpress_future_workflow_manual_trigger":{"enabledWorkflows":[]},"_links":{"self":[{"href":"https:\/\/baycoast.bank\/pt-pt\/wp-json\/wp\/v2\/pages\/7403","targetHints":{"allow":["GET"]}}],"collection":[{"href":"https:\/\/baycoast.bank\/pt-pt\/wp-json\/wp\/v2\/pages"}],"about":[{"href":"https:\/\/baycoast.bank\/pt-pt\/wp-json\/wp\/v2\/types\/page"}],"author":[{"embeddable":true,"href":"https:\/\/baycoast.bank\/pt-pt\/wp-json\/wp\/v2\/users\/1"}],"replies":[{"embeddable":true,"href":"https:\/\/baycoast.bank\/pt-pt\/wp-json\/wp\/v2\/comments?post=7403"}],"version-history":[{"count":0,"href":"https:\/\/baycoast.bank\/pt-pt\/wp-json\/wp\/v2\/pages\/7403\/revisions"}],"up":[{"embeddable":true,"href":"https:\/\/baycoast.bank\/pt-pt\/wp-json\/wp\/v2\/pages\/7401"}],"wp:featuredmedia":[{"embeddable":true,"href":"https:\/\/baycoast.bank\/pt-pt\/wp-json\/wp\/v2\/media\/5352"}],"wp:attachment":[{"href":"https:\/\/baycoast.bank\/pt-pt\/wp-json\/wp\/v2\/media?parent=7403"}],"curies":[{"name":"wp","href":"https:\/\/api.w.org\/{rel}","templated":true}]}}