{"id":7428,"date":"2020-08-06T13:51:43","date_gmt":"2020-08-06T17:51:43","guid":{"rendered":"https:\/\/baycoast.bank\/taxas\/taxas-de-emprestimo\/"},"modified":"2026-04-20T15:41:29","modified_gmt":"2026-04-20T19:41:29","slug":"taxas-de-emprestimo","status":"publish","type":"page","link":"https:\/\/baycoast.bank\/pt-pt\/taxas\/taxas-de-emprestimo\/","title":{"rendered":"Taxas de empr\u00e9stimo"},"content":{"rendered":"<div class=\"lazyblock-interior-hero-1hP57c wp-block-lazyblock-interior-hero\">\n<div class=\"section hero\">\n\t<div class=\"backing parallaxContainer\">\n\t\t<div class=\"backing\" style=\"background-image: url(https:\/\/baycoast.bank\/wp-content\/uploads\/2020\/07\/iStock-1134018566-1-min-scaled-e1616788474645.jpg\" role=\"img\" aria-label=\"Hero Image\"><\/div>\n\t<\/div>\n\n\t<div class=\"heroContent\">\n\t\t<div class=\"plusPlus blue\" ><\/div>\n\t\t\n\t\t<div class=\"heroWrapper\">\n\t\t\t<div class=\"heroBlock bgWhite\">\n\t\t\t\t\n\t\t\t\t<div class=\"heroBlockHeadline\">\n\n\t\t\t\t\t\t\t\t\t\t\t<div class=\"categories flex\" style=\"justify-content: flex-start;\">\n\t\t\t\t\t\t\t<div class=\"h6\">\n\n\t\t\t\t\t\t\t  \t\t\t\t\t\t\t\t    \t<a href=\"https:\/\/baycoast.bank\/pt-pt\/taxas\/\">Taxas<\/a>\n\t\t\t\t\t\t\t    \t\t\t\t\t\t\t  \n\t\t\t\t\t\t\t<\/div>\n\t\t\t\t\t\t\t\n\t\t\t\t\t\t\t\t\t\t\t\t\t<\/div>\n\t\t\t\t\t\t\t\t\t\t\n\t\t\t\t\t<h1 class=\"blue\">Taxas de empr\u00e9stimo<\/h1>\n\t\t\t\t<\/div>\n\t\t\t<\/div>\n\t\t\t    \t\n\t\t\t\n\t\t<\/div>\n\t<\/div>\n<\/div> \n\n<div class=\"spacer\"><\/div><\/div>\n\n<div class=\"lazyblock-interior-content-1kA0Wn wp-block-lazyblock-interior-content\"><div class=\"spacer\"><\/div>\n\n<div class=\"section\">\n\t<div class=\"paddedWrapper\">\n\t\t<div class=\"wrapper flex gutenberg\" style=\"justify-content: center;\">\n\n\t\t\t\n\t\t\t<div class=\"smallWrapper gutenberg\">\n\t\t\t\n\t\t\t\t<div class=\"h3\">Taxas em vigor a partir de 04\/20\/2026<\/div>\n\t\t\t  \n\t\t\t  \t<hr style=\"margin-bottom: 5rem;\">\n\t\t\t\t\n\t\t\t\t\n\n<p><a href=\"https:\/\/baycoastbank.mortgagewebcenter.com\/CheckRates\" target=\"_blank\" rel=\"noopener\">Clique aqui para conhecer as taxas para Empr\u00e9stimo com base no capital pr\u00f3prio da casa ou para Linha de cr\u00e9dito com base no capital pr\u00f3prio da casa<\/a><br> <\/p>\n\n\n\n<figure class=\"wp-block-table\"><table><tbody><tr><td><strong>Melhorias em casa<\/strong><\/td><td><\/td><td><\/td><td><\/td><td><\/td><td><\/td><\/tr><tr><th><\/th><th>Entrada<\/th><th>Prazo<\/th><th>Taxa de juro<\/th><th>APR<\/th><th>Pagamentos mensais<br>por $1.000 emprestados<\/th><\/tr><tr><td>Melhorias em casa<\/td><td>0%<\/td><td>84 meses<\/td><td>9.500%*<\/td><td>9.500%<\/td><td>$16.34<\/td><\/tr><tr><td>Melhorias em casa para efici\u00eancia energ\u00e9tica<\/td><td>0%<\/td><td>120 meses<\/td><td>9.250% **<\/td><td>9.250%<\/td><td>$12.80<\/td><\/tr><\/tbody><\/table><\/figure>\n\n\n\n<p class=\"has-small-font-size\">* Empr\u00e9stimo para melhorias em casa: Montante m\u00ednimo de empr\u00e9stimo de $2,500,00. O montante m\u00e1ximo do empr\u00e9stimo \u00e9 de $25.000,00.<br>** Energy Smart Home Improvement Loan: O montante m\u00ednimo do empr\u00e9stimo \u00e9 de $2.500. O montante m\u00e1ximo do empr\u00e9stimo \u00e9 de $40.000,00. <\/p>\n\n\n\n<figure class=\"wp-block-table\"><table><tbody><tr><td><strong>Empr\u00e9stimo HEAT<\/strong><\/td><td><\/td><td><\/td><td><\/td><td><\/td><td><\/td><\/tr><tr><th><\/th><th>Entrada<\/th><th>Prazo<\/th><th>Taxa de juro<\/th><th>APR<\/th><th>Pagamentos mensais<br>por $1.000 emprestados<\/th><\/tr><tr><td>&nbsp;<\/td><td>0%<\/td><td>84 meses<\/td><td>0.000%<\/td><td>0.000%<\/td><td>$11.90<\/td><\/tr><\/tbody><\/table><\/figure>\n\n\n\n<p class=\"has-small-font-size\">Montante m\u00ednimo de empr\u00e9stimo de $2,000,00. O montante m\u00e1ximo do empr\u00e9stimo \u00e9 de $25.000,00.<\/p>\n\n\n\n<figure class=\"wp-block-table\"><table><tbody><tr><td><strong>Autom\u00f3vel<\/strong><br><strong>Empr\u00e9stimos<\/strong><\/td><td><\/td><td><\/td><td><\/td><td><\/td><td><\/td><\/tr><tr><th><\/th><th>Adiantamento<br>Pagamento<\/th><th>Prazo<\/th><th>Juros<br>Taxa<\/th><th>APR<\/th><th>Pagamentos mensais<br>por $1.000 emprestados<\/th><\/tr><tr><td>Apenas novo<\/td><td>5%<\/td><td>36 meses<\/td><td>7.750%*<\/td><td>7.750%<\/td><td>$31.22<\/td><\/tr><tr><td>Apenas novo<\/td><td>5%<\/td><td>48 meses<\/td><td>8.000%*<\/td><td>8.000%<\/td><td>$24.41<\/td><\/tr><tr><td>Apenas novo<\/td><td>5%<\/td><td>60 meses<\/td><td>8.250%*<\/td><td>8.250%<\/td><td>$20.40<\/td><\/tr><tr><td>Apenas novo<\/td><td>5%<\/td><td>72 meses<\/td><td>8.500%*<\/td><td>8.500%<\/td><td>$17.78<\/td><\/tr><tr><td>Apenas usado<\/td><td>10%<\/td><td>36 meses<\/td><td>8.000%*<\/td><td>8.000%<\/td><td>$31.34<\/td><\/tr><tr><td>Apenas usado<\/td><td>10%<\/td><td>48 meses<\/td><td>8.250%*<\/td><td>8.250%<\/td><td>$24.53<\/td><\/tr><tr><td>Apenas usado<\/td><td>10%<\/td><td>60 meses<\/td><td>8.500%*<\/td><td>8.500%<\/td><td>$20.52<\/td><\/tr><\/tbody><\/table><\/figure>\n\n\n\n<p class=\"has-small-font-size\">Novo Apenas o modelo do ano 2025-2026. Apenas o modelo usado do ano 2023 e mais recente por 60 meses,<br>2021 e mais recente por 48 meses, e 2020 e mais recente por 36 meses.<\/p>\n\n\n\n<p>J\u00e1 n\u00e3o oferecemos a compra de contratos de leasing em empr\u00e9stimos para autom\u00f3veis. Apenas transac\u00e7\u00f5es de compra ou de refinanciamento.<\/p>\n\n\n\n<figure class=\"wp-block-table\"><table><tbody><tr><td><strong>Boat LoansEmpr\u00e9stimos para barcos<\/strong><\/td><td><\/td><td><\/td><td><\/td><td><\/td><td><\/td><\/tr><tr><th><\/th><th>Entrada<\/th><th>Prazo<\/th><th>Taxa de juro<\/th><th>APR<\/th><th>Pagamentos mensais<br>por $1.000 emprestados<\/th><\/tr><tr><td>$2,500.00 &#8211; $10,000.00<\/td><td>25%<\/td><td>60 meses<\/td><td>9.000%*<\/td><td>9.000%<\/td><td>$20.76<\/td><\/tr><tr><td>$10,001.00 &#8211; $50,000.00<\/td><td>25%<\/td><td>180 meses<\/td><td>10.000%*<\/td><td>10.000%<\/td><td>$10.75<\/td><\/tr><\/tbody><\/table><\/figure>\n\n\n\n<p class=\"has-small-font-size\">Montante m\u00e1ximo de empr\u00e9stimo $50,000 Dura\u00e7\u00e3o m\u00e1xima \u00e9 de 180 meses.<\/p>\n\n\n\n<figure class=\"wp-block-table\"><table><tbody><tr><td><strong>Descoberto<\/strong><br><strong>Linha de cr\u00e9dito<\/strong><\/td><td><\/td><td><\/td><td><\/td><td><\/td><td><\/td><\/tr><tr><th><\/th><th>Entrada<\/th><th>Prazo<\/th><th>Taxa de juro<\/th><th>APR<\/th><th>Pagamentos mensais<br>por $1.000 emprestados<\/th><\/tr><tr><td>&nbsp;<\/td><td>0%<\/td><td>120 meses<\/td><td>12.75%<\/td><td>12.75%<\/td><td>$14.78<\/td><\/tr><\/tbody><\/table><\/figure>\n\n\n\n<p class=\"has-small-font-size\">A taxa pode variar consoante a taxa preferencial publicada no The Wall Street Journal. A TAEG m\u00ednima \u00e9 de 10,000%. TAE m\u00e1xima de 18.000% Montante m\u00ednimo da linha de cr\u00e9dito \u00e9 de $500.00 Montante m\u00e1ximo da linha de cr\u00e9dito \u00e9 de $5,000.00.<\/p>\n\n\n\n<figure class=\"wp-block-table\"><table><tbody><tr><td><strong>Empr\u00e9stimo pessoal<\/strong><\/td><td><\/td><td><\/td><td><\/td><td><\/td><td><\/td><\/tr><tr><th><\/th><th>Entrada<\/th><th>Prazo<\/th><th>Juros<br>Taxa<\/th><th>APR<\/th><th>Pagamentos mensais<br>por $1.000 emprestados<\/th><\/tr><tr><td>&nbsp;<\/td><td>0%<\/td><td>36 meses<\/td><td>14.240%*<\/td><td>14.240%<\/td><td>$34.29<\/td><\/tr><\/tbody><\/table><\/figure>\n\n\n\n<p class=\"has-small-font-size\">Montante m\u00ednimo de empr\u00e9stimo de $5,000,00. Montante m\u00e1ximo de empr\u00e9stimo de $15,000,00. Dura\u00e7\u00e3o m\u00e1xima de 36 meses.<\/p>\n\n\n\n<figure class=\"wp-block-table\"><table><tbody><tr><td><strong>Empr\u00e9stimo com contas de Poupan\u00e7as como Garantia<\/strong><\/td><td><\/td><td><\/td><td><\/td><td><\/td><td><\/td><\/tr><tr><th><\/th><th>Entrada<\/th><th>Prazo<\/th><th>Juros<br>Taxa<\/th><th>APR<\/th><th>Pagamentos mensais<br>por $1.000 emprestados<\/th><\/tr><tr><td>&nbsp;<\/td><td>0%<\/td><td>60 meses<\/td><td>4.100%<\/td><td>4.100%<\/td><td>$18.01<\/td><\/tr><\/tbody><\/table><\/figure>\n\n\n\n<p class=\"has-small-font-size\">TAE de 4.00% sobre o juro recebido na conta Poupan\u00e7a BayCoast Bank ou dep\u00f3sitos a prazo. Mensalidade apresentada referente apenas aos juros. Montante m\u00ednimo de empr\u00e9stimo de $500. Montante m\u00e1ximo de empr\u00e9stimo \u00e9 de 90% do saldo na Conta Poupan\u00e7a do BayCoast Bank. Dura\u00e7\u00e3o m\u00e1xima de 60 meses.<\/p>\n\n\n\n<p class=\"has-small-font-size\"><strong><em>* As taxas de juro apresentadas refletem uma redu\u00e7\u00e3o de 0.25% devido ao pagamento do empr\u00e9stimo ser deduzido automaticamente atrav\u00e9s de uma transfer\u00eancia pr\u00e9-autorizada a partir de uma conta \u00e0 ordem ou uma conta poupan\u00e7a com extrato do BayCoast Bank. Aos empr\u00e9stimos sem o pagamento por d\u00e9bito autom\u00e1tico \u00e9 aplicada uma taxa de juro acrescida em 0.25%.<\/em><\/strong><\/p>\n\n\n\n<p class=\"has-small-font-size\"><strong><em>TAE refere-se \u00e0 taxa anual efetiva. Todas as taxas de juro e TAE est\u00e3o corretas na data indicada e est\u00e3o sujeitas a aprova\u00e7\u00e3o de cr\u00e9dito e a altera\u00e7\u00f5es sem aviso pr\u00e9vio. Os Planos de Poupan\u00e7a Reforma e as contas de Plano Qualificado n\u00e3o podem ser usadas como garantia para qualquer tipo de empr\u00e9stimo. <\/em><\/strong><\/p>\n\n\n\t\t\t<\/div>\n\n\t\t<\/div>\n\t<\/div>\n<\/div> <\/div>","protected":false},"excerpt":{"rendered":"","protected":false},"author":1,"featured_media":5360,"parent":7373,"menu_order":157,"comment_status":"closed","ping_status":"closed","template":"","meta":{"_acf_changed":false,"inline_featured_image":false,"footnotes":""},"class_list":["post-7428","page","type-page","status-publish","has-post-thumbnail","hentry"],"acf":[],"featured_image_urls_v2":{"full":["https:\/\/baycoast.bank\/wp-content\/uploads\/2020\/07\/iStock-1134018566-1-min-scaled-e1616788474645.jpg",2560,1465,false],"thumbnail":["https:\/\/baycoast.bank\/wp-content\/uploads\/2020\/07\/iStock-1134018566-1-min-scaled-e1616788474645-150x150.jpg",150,150,true],"medium":["https:\/\/baycoast.bank\/wp-content\/uploads\/2020\/07\/iStock-1134018566-1-min-scaled-e1616788474645-300x172.jpg",300,172,true],"medium_large":["https:\/\/baycoast.bank\/wp-content\/uploads\/2020\/07\/iStock-1134018566-1-min-scaled-e1616788474645-768x440.jpg",768,440,true],"large":["https:\/\/baycoast.bank\/wp-content\/uploads\/2020\/07\/iStock-1134018566-1-min-scaled-e1616788474645-1024x586.jpg",1024,586,true],"1536x1536":["https:\/\/baycoast.bank\/wp-content\/uploads\/2020\/07\/iStock-1134018566-1-min-scaled-e1616788474645-1536x879.jpg",1536,879,true],"2048x2048":["https:\/\/baycoast.bank\/wp-content\/uploads\/2020\/07\/iStock-1134018566-1-min-scaled-e1616788474645-2048x1172.jpg",2048,1172,true]},"post_excerpt_stackable_v2":"<p>Taxas Taxas de empr\u00e9stimo Taxas em vigor a partir de 04\/20\/2026 Clique aqui para conhecer as taxas para Empr\u00e9stimo com base no capital pr\u00f3prio da casa ou para Linha de cr\u00e9dito com base no capital pr\u00f3prio da casa Melhorias em casaEntradaPrazoTaxa de juroAPRPagamentos mensaispor $1.000 emprestadosMelhorias em casa0%84 meses9.500%*9.500%$16.34Melhorias em casa para efici\u00eancia energ\u00e9tica0%120 meses9.250% **9.250%$12.80 * Empr\u00e9stimo para melhorias em casa: Montante m\u00ednimo de empr\u00e9stimo de $2,500,00. O montante m\u00e1ximo do empr\u00e9stimo \u00e9 de $25.000,00.** Energy Smart Home Improvement Loan: O montante m\u00ednimo do empr\u00e9stimo \u00e9 de $2.500. O montante m\u00e1ximo do empr\u00e9stimo \u00e9 de $40.000,00. Empr\u00e9stimo HEATEntradaPrazoTaxa de&hellip;<\/p>\n","category_list_v2":"","author_info_v2":{"name":"","url":"https:\/\/baycoast.bank\/pt-pt\/author\/"},"comments_num_v2":"0 comments","publishpress_future_action":{"enabled":false,"date":"2026-04-29 06:35:43","action":"change-status","newStatus":"draft","terms":[],"taxonomy":"translation_priority","extraData":[]},"publishpress_future_workflow_manual_trigger":{"enabledWorkflows":[]},"_links":{"self":[{"href":"https:\/\/baycoast.bank\/pt-pt\/wp-json\/wp\/v2\/pages\/7428","targetHints":{"allow":["GET"]}}],"collection":[{"href":"https:\/\/baycoast.bank\/pt-pt\/wp-json\/wp\/v2\/pages"}],"about":[{"href":"https:\/\/baycoast.bank\/pt-pt\/wp-json\/wp\/v2\/types\/page"}],"author":[{"embeddable":true,"href":"https:\/\/baycoast.bank\/pt-pt\/wp-json\/wp\/v2\/users\/1"}],"replies":[{"embeddable":true,"href":"https:\/\/baycoast.bank\/pt-pt\/wp-json\/wp\/v2\/comments?post=7428"}],"version-history":[{"count":0,"href":"https:\/\/baycoast.bank\/pt-pt\/wp-json\/wp\/v2\/pages\/7428\/revisions"}],"up":[{"embeddable":true,"href":"https:\/\/baycoast.bank\/pt-pt\/wp-json\/wp\/v2\/pages\/7373"}],"wp:featuredmedia":[{"embeddable":true,"href":"https:\/\/baycoast.bank\/pt-pt\/wp-json\/wp\/v2\/media\/5360"}],"wp:attachment":[{"href":"https:\/\/baycoast.bank\/pt-pt\/wp-json\/wp\/v2\/media?parent=7428"}],"curies":[{"name":"wp","href":"https:\/\/api.w.org\/{rel}","templated":true}]}}