{"id":7826,"date":"2021-11-30T15:13:50","date_gmt":"2021-11-30T20:13:50","guid":{"rendered":"https:\/\/baycoast.bank\/outros-servicos\/caixas-multibanco-interativas-itm\/"},"modified":"2025-07-14T14:44:52","modified_gmt":"2025-07-14T18:44:52","slug":"caixas-multibanco-interativas-itm","status":"publish","type":"page","link":"https:\/\/baycoast.bank\/pt-pt\/outros-servicos\/caixas-multibanco-interativas-itm\/","title":{"rendered":"Caixas autom\u00e1ticas interactivas (ITM)"},"content":{"rendered":"<div class=\"lazyblock-interior-hero-1LNQ87 wp-block-lazyblock-interior-hero\">\n<div class=\"section hero\">\n\t<div class=\"backing parallaxContainer\">\n\t\t<div class=\"backing\" style=\"background-image: url(https:\/\/baycoast.bank\/wp-content\/uploads\/2021\/11\/ITM.jpg\" role=\"img\" aria-label=\"Hero Image\"><\/div>\n\t<\/div>\n\n\t<div class=\"heroContent\">\n\t\t<div class=\"plusPlus blue\" ><\/div>\n\t\t\n\t\t<div class=\"heroWrapper\">\n\t\t\t<div class=\"heroBlock bgWhite\">\n\t\t\t\t\n\t\t\t\t<div class=\"heroBlockHeadline\">\n\n\t\t\t\t\t\t\t\t\t\t\t<div class=\"categories flex\" style=\"justify-content: flex-start;\">\n\t\t\t\t\t\t\t<div class=\"h6\">\n\n\t\t\t\t\t\t\t  \t\t\t\t\t\t\t\t    \t<a href=\"https:\/\/baycoast.bank\/pt-pt\/outros-servicos\/\">Outros servi\u00e7os<\/a>\n\t\t\t\t\t\t\t    \t\t\t\t\t\t\t  \n\t\t\t\t\t\t\t<\/div>\n\t\t\t\t\t\t\t\n\t\t\t\t\t\t\t\t\t\t\t\t\t<\/div>\n\t\t\t\t\t\t\t\t\t\t\n\t\t\t\t\t<h1 class=\"blue\">Caixas autom\u00e1ticas interactivas (ITM)<\/h1>\n\t\t\t\t<\/div>\n\t\t\t<\/div>\n\t\t\t    \t\n\t\t\t\n\t\t<\/div>\n\t<\/div>\n<\/div> \n\n<div class=\"spacer\"><\/div><\/div><div class=\"lazyblock-interior-content-Z1pDAox wp-block-lazyblock-interior-content\"><div class=\"spacer\"><\/div>\n\n<div class=\"section\">\n\t<div class=\"paddedWrapper\">\n\t\t<div class=\"wrapper flex gutenberg\" style=\"justify-content: center;\">\n\n\t\t\t\n\t\t\t<div class=\"smallWrapper gutenberg\">\n\t\t\t\n\t\t\t\t<div class=\"h3\">O que \u00e9 uma caixa registadora interactiva (ITM)?<\/div>\n\t\t\t  \n\t\t\t  \t<hr style=\"margin-bottom: 5rem;\">\n\t\t\t\t\n\t\t\t\t\n\n<p>As caixas autom\u00e1ticas interactivas (ITM) combinam a comodidade de uma caixa autom\u00e1tica com o servi\u00e7o pessoal de uma ag\u00eancia banc\u00e1ria, permitindo aos clientes ver e falar com uma pessoa real atrav\u00e9s de um monitor de v\u00eddeo.  <\/p>\n\n\n\n<p>O ITM est\u00e1 aberto para al\u00e9m do hor\u00e1rio normal de funcionamento da ag\u00eancia. Quando o ITM n\u00e3o est\u00e1 dispon\u00edvel, a m\u00e1quina funciona como um ATM normal.<\/p>\n\n\n\n<h3 class=\"wp-block-heading blue h5\">Algumas coisas que podes fazer num ITM da BayCoast:  <\/h3>\n\n\n\n<ul class=\"wp-block-list\">\n<li>Fala com uma caixa real<\/li>\n\n\n\n<li>Faz levantamentos &#8211; e n\u00e3o apenas em dezenas ou vintenas!<\/li>\n\n\n\n<li>Faz dep\u00f3sitos e desconta cheques<\/li>\n\n\n\n<li>Efectua pagamentos de empr\u00e9stimos<\/li>\n\n\n\n<li>Transfer\u00eancia entre contas<\/li>\n\n\n\n<li>Faz trocas de dinheiro<\/li>\n<\/ul>\n\n\n\n<div style=\"height:15px\" aria-hidden=\"true\" class=\"wp-block-spacer\"><\/div>\n\n\n\n<div class=\"wp-block-stackable-button-group stk-block-button-group stk-block stk-8cff8b4\" data-block-id=\"8cff8b4\"><style>.stk-8cff8b4{margin-bottom:50px !important}<\/style><div class=\"stk-row stk-inner-blocks stk-block-content stk-button-group\">\n<div class=\"wp-block-stackable-button stk-block-button stk-block stk-dee6cf7\" data-block-id=\"dee6cf7\"><style>.stk-dee6cf7 .stk-button{padding-top:15px !important;padding-right:20px !important;padding-bottom:15px !important;padding-left:20px !important;background:#fbad18 !important}.stk-dee6cf7 .stk-button__inner-text{font-size:16px !important;color:#18428f !important}@media screen and (max-width:1023px){.stk-dee6cf7 .stk-button__inner-text{font-size:16px !important}}<\/style><a class=\"stk-link stk-button stk--hover-effect-scale\" href=\"https:\/\/baycoast.bank\/pt-pt\/services\/caixas-multibanco-interativas\/\"><span class=\"has-text-color stk-button__inner-text\"><strong>ENCONTRA UM LOCAL ITM PERTO DE MIM<\/strong><\/span><\/a><\/div>\n<\/div><\/div>\n\n\n\n<h2 class=\"wp-block-heading blue h5\"><strong><em>V\u00ea o nosso v\u00eddeo abaixo para saberes mais!  <\/em><\/strong><\/h2>\n\n\n\n<div style=\"height:20px\" aria-hidden=\"true\" class=\"wp-block-spacer\"><\/div>\n\n\n\n<div style=\"padding:56.25% 0 0 0;position:relative;\"><iframe src=\"https:\/\/player.vimeo.com\/video\/996835934?badge=0&#038;autopause=0&#038;player_id=0&#038;app_id=58479\" frameborder=\"0\" allow=\"autoplay; fullscreen; picture-in-picture; clipboard-write\" style=\"position:absolute;top:0;left:0;width:100%;height:100%;\" title=\"ITM - Como fazer (com \u00e1udio)\"><\/iframe><\/div><script src=\"https:\/\/player.vimeo.com\/api\/player.js\"><\/script>\n\n\n\n<p style=\"font-size:12px\"><em>Todas as transac\u00e7\u00f5es s\u00e3o registadas para tua seguran\u00e7a.<\/em><\/p>\n\n\n\t\t\t<\/div>\n\n\t\t<\/div>\n\t<\/div>\n<\/div> <\/div>","protected":false},"excerpt":{"rendered":"<p>Combina a comodidade de um ATM com o servi\u00e7o pessoal de um banqueiro pessoal, visitando qualquer um dos nossos ITMs para as tuas transac\u00e7\u00f5es banc\u00e1rias.<\/p>\n","protected":false},"author":13,"featured_media":6248,"parent":7159,"menu_order":45,"comment_status":"closed","ping_status":"closed","template":"","meta":{"_acf_changed":false,"inline_featured_image":false,"footnotes":""},"class_list":["post-7826","page","type-page","status-publish","has-post-thumbnail","hentry"],"acf":[],"featured_image_urls_v2":{"full":["https:\/\/baycoast.bank\/wp-content\/uploads\/2021\/11\/ITM.jpg",1920,600,false],"thumbnail":["https:\/\/baycoast.bank\/wp-content\/uploads\/2021\/11\/ITM-150x150.jpg",150,150,true],"medium":["https:\/\/baycoast.bank\/wp-content\/uploads\/2021\/11\/ITM-300x94.jpg",300,94,true],"medium_large":["https:\/\/baycoast.bank\/wp-content\/uploads\/2021\/11\/ITM-768x240.jpg",768,240,true],"large":["https:\/\/baycoast.bank\/wp-content\/uploads\/2021\/11\/ITM-1024x320.jpg",1024,320,true],"1536x1536":["https:\/\/baycoast.bank\/wp-content\/uploads\/2021\/11\/ITM-1536x480.jpg",1536,480,true],"2048x2048":["https:\/\/baycoast.bank\/wp-content\/uploads\/2021\/11\/ITM.jpg",1920,600,false]},"post_excerpt_stackable_v2":"<p>Combina a comodidade de um ATM com o servi\u00e7o pessoal de um banqueiro pessoal, visitando qualquer um dos nossos ITMs para as tuas transac\u00e7\u00f5es banc\u00e1rias.<\/p>\n","category_list_v2":"","author_info_v2":{"name":"","url":"https:\/\/baycoast.bank\/pt-pt\/author\/"},"comments_num_v2":"0 comments","publishpress_future_action":{"enabled":false,"date":"2026-05-07 22:07:13","action":"change-status","newStatus":"draft","terms":[],"taxonomy":"translation_priority","extraData":[]},"publishpress_future_workflow_manual_trigger":{"enabledWorkflows":[]},"_links":{"self":[{"href":"https:\/\/baycoast.bank\/pt-pt\/wp-json\/wp\/v2\/pages\/7826","targetHints":{"allow":["GET"]}}],"collection":[{"href":"https:\/\/baycoast.bank\/pt-pt\/wp-json\/wp\/v2\/pages"}],"about":[{"href":"https:\/\/baycoast.bank\/pt-pt\/wp-json\/wp\/v2\/types\/page"}],"author":[{"embeddable":true,"href":"https:\/\/baycoast.bank\/pt-pt\/wp-json\/wp\/v2\/users\/13"}],"replies":[{"embeddable":true,"href":"https:\/\/baycoast.bank\/pt-pt\/wp-json\/wp\/v2\/comments?post=7826"}],"version-history":[{"count":0,"href":"https:\/\/baycoast.bank\/pt-pt\/wp-json\/wp\/v2\/pages\/7826\/revisions"}],"up":[{"embeddable":true,"href":"https:\/\/baycoast.bank\/pt-pt\/wp-json\/wp\/v2\/pages\/7159"}],"wp:featuredmedia":[{"embeddable":true,"href":"https:\/\/baycoast.bank\/pt-pt\/wp-json\/wp\/v2\/media\/6248"}],"wp:attachment":[{"href":"https:\/\/baycoast.bank\/pt-pt\/wp-json\/wp\/v2\/media?parent=7826"}],"curies":[{"name":"wp","href":"https:\/\/api.w.org\/{rel}","templated":true}]}}