{"id":9171,"date":"2022-12-28T11:43:48","date_gmt":"2022-12-28T16:43:48","guid":{"rendered":"https:\/\/baycoast.bank\/outros-servicos\/cambio-de-moeda-estrangeira\/"},"modified":"2024-05-30T12:11:08","modified_gmt":"2024-05-30T16:11:08","slug":"cambio-de-moeda-estrangeira","status":"publish","type":"page","link":"https:\/\/baycoast.bank\/pt-pt\/outros-servicos\/cambio-de-moeda-estrangeira\/","title":{"rendered":"C\u00e2mbio de moeda estrangeira"},"content":{"rendered":"<div class=\"lazyblock-interior-hero-Z17VuIf wp-block-lazyblock-interior-hero\">\n<div class=\"section hero\">\n\t<div class=\"backing parallaxContainer\">\n\t\t<div class=\"backing\" style=\"background-image: url(https:\/\/baycoast.bank\/wp-content\/uploads\/2022\/11\/Foreign-Currency-Webpage-Hero-1920-\u00d7-600-px-5.jpg\" role=\"img\" aria-label=\"Hero Image\"><\/div>\n\t<\/div>\n\n\t<div class=\"heroContent\">\n\t\t<div class=\"plusPlus blue\" ><\/div>\n\t\t\n\t\t<div class=\"heroWrapper\">\n\t\t\t<div class=\"heroBlock bgWhite\">\n\t\t\t\t\n\t\t\t\t<div class=\"heroBlockHeadline\">\n\n\t\t\t\t\t\t\t\t\t\t\t<div class=\"categories flex\" style=\"justify-content: flex-start;\">\n\t\t\t\t\t\t\t<div class=\"h6\">\n\n\t\t\t\t\t\t\t  \t\t\t\t\t\t\t\t    \t<a href=\"https:\/\/baycoast.bank\/pt-pt\/outros-servicos\/\">Outros servi\u00e7os<\/a>\n\t\t\t\t\t\t\t    \t\t\t\t\t\t\t  \n\t\t\t\t\t\t\t<\/div>\n\t\t\t\t\t\t\t\n\t\t\t\t\t\t\t\t\t\t\t\t\t<\/div>\n\t\t\t\t\t\t\t\t\t\t\n\t\t\t\t\t<h1 class=\"blue\">C\u00e2mbio de moeda estrangeira<\/h1>\n\t\t\t\t<\/div>\n\t\t\t<\/div>\n\t\t\t    \t\n\t\t\t\n\t\t<\/div>\n\t<\/div>\n<\/div> \n\n<div class=\"spacer\"><\/div><\/div><div class=\"lazyblock-interior-content-ZEgOp5 wp-block-lazyblock-interior-content\"><div class=\"spacer\"><\/div>\n\n<div class=\"section\">\n\t<div class=\"paddedWrapper\">\n\t\t<div class=\"wrapper flex gutenberg\" style=\"justify-content: center;\">\n\n\t\t\t\n\t\t\t<div class=\"smallWrapper gutenberg\">\n\t\t\t\n\t\t\t\t<div class=\"h3\">Percorra o mundo sem limita\u00e7\u00f5es, visite o balc\u00e3o BayCoast Bank mais perto de si para solucionar as suas necessidades de c\u00e2mbio de moeda estrangeira.<\/div>\n\t\t\t  \n\t\t\t  \t<hr style=\"margin-bottom: 5rem;\">\n\t\t\t\t\n\t\t\t\t\n\n<p>Est\u00e1 a planear degustar o sabor de um croissant acabado de fazer, em Paris? Pretende dar um passeio descontra\u00eddo numa g\u00f4ndola, pelos canais ancestrais de Veneza? Ou talvez prefira saborear um prato de marisco fresco em Lisboa?<\/p>\n\n\n\n<p>Antes de mergulhar na hist\u00f3ria, cultura e gastronomia de um pa\u00eds distante, fa\u00e7a uma visita ao BayCoast Bank para solucionar as suas necessidades de c\u00e2mbio de moeda estrangeira! <\/p>\n\n\n\n<p>N\u00e3o arrisque pagar taxas elevadas ao realizar o c\u00e2mbio de moeda estrangeira quando chega ao seu destino. A equipa especializada do BayCoast Bank est\u00e1 pronta a ajudar, antes de partir nas suas aventuras pelo mundo. O BayCoast Bank \u00e9 o banco comunit\u00e1rio de confian\u00e7a da regi\u00e3o sul de New England, desde 1851.<\/p>\n\n\n\n<p><strong>Visite o BayCoast Bank hoje mesmo para realizar o seu c\u00e2mbio de moeda estrangeira, de forma segura, local e pr\u00e1tica!<\/strong><\/p>\n\n\n\n<ul class=\"wp-block-list\">\n<li>Prestamos servi\u00e7os de c\u00e2mbio de moeda estrangeira para clientes e n\u00e3o clientes.<\/li>\n\n\n\n<li>Disponibilizamos 90 moedas estrangeiras com taxas de c\u00e2mbio competitivas.<\/li>\n\n\n\n<li>Troque at\u00e9 $1,000.00 excluindo as taxas aplic\u00e1veis.<\/li>\n\n\n\n<li>Servi\u00e7os de c\u00e2mbio dispon\u00edveis em todos os balc\u00f5es BayCoast, em Massachusetts e Rhode Island.<\/li>\n<\/ul>\n\n\n\n<p>N\u00e3o espere mais, fa\u00e7a hoje mesmo uma visita a um dos nossos balc\u00f5es! <strong><a href=\"https:\/\/baycoast.bank\/pt-pt\/localizacoes\/\">Clique aqui<\/a><\/strong> para encontrar um balc\u00e3o perto de si.<\/p>\n\n\n\n<p><\/p>\n\n\n\t\t\t<\/div>\n\n\t\t<\/div>\n\t<\/div>\n<\/div> <\/div>","protected":false},"excerpt":{"rendered":"<p>\u2022 C\u00e2mbio de moeda estrangeira: Viaje pelo mundo sem taxas elevadas. Passe pelo seu balc\u00e3o BayCoast mais pr\u00f3ximo para fazer o c\u00e2mbio de moeda estrangeira antes de partir para a sua viagem.<\/p>\n","protected":false},"author":13,"featured_media":7809,"parent":7159,"menu_order":0,"comment_status":"closed","ping_status":"closed","template":"","meta":{"_acf_changed":false,"inline_featured_image":false,"footnotes":""},"class_list":["post-9171","page","type-page","status-publish","has-post-thumbnail","hentry"],"acf":[],"featured_image_urls_v2":{"full":["https:\/\/baycoast.bank\/wp-content\/uploads\/2022\/11\/Foreign-Currency-Webpage-Hero-1920-\u00d7-600-px-5.jpg",1920,900,false],"thumbnail":["https:\/\/baycoast.bank\/wp-content\/uploads\/2022\/11\/Foreign-Currency-Webpage-Hero-1920-\u00d7-600-px-5-150x150.jpg",150,150,true],"medium":["https:\/\/baycoast.bank\/wp-content\/uploads\/2022\/11\/Foreign-Currency-Webpage-Hero-1920-\u00d7-600-px-5-300x141.jpg",300,141,true],"medium_large":["https:\/\/baycoast.bank\/wp-content\/uploads\/2022\/11\/Foreign-Currency-Webpage-Hero-1920-\u00d7-600-px-5-768x360.jpg",768,360,true],"large":["https:\/\/baycoast.bank\/wp-content\/uploads\/2022\/11\/Foreign-Currency-Webpage-Hero-1920-\u00d7-600-px-5-1024x480.jpg",1024,480,true],"1536x1536":["https:\/\/baycoast.bank\/wp-content\/uploads\/2022\/11\/Foreign-Currency-Webpage-Hero-1920-\u00d7-600-px-5-1536x720.jpg",1536,720,true],"2048x2048":["https:\/\/baycoast.bank\/wp-content\/uploads\/2022\/11\/Foreign-Currency-Webpage-Hero-1920-\u00d7-600-px-5.jpg",1920,900,false]},"post_excerpt_stackable_v2":"<p>\u2022 C\u00e2mbio de moeda estrangeira: Viaje pelo mundo sem taxas elevadas. Passe pelo seu balc\u00e3o BayCoast mais pr\u00f3ximo para fazer o c\u00e2mbio de moeda estrangeira antes de partir para a sua viagem.<\/p>\n","category_list_v2":"","author_info_v2":{"name":"","url":"https:\/\/baycoast.bank\/pt-pt\/author\/"},"comments_num_v2":"0 comments","publishpress_future_action":{"enabled":false,"date":"2026-04-28 19:46:22","action":"change-status","newStatus":"draft","terms":[],"taxonomy":"translation_priority","extraData":[]},"publishpress_future_workflow_manual_trigger":{"enabledWorkflows":[]},"_links":{"self":[{"href":"https:\/\/baycoast.bank\/pt-pt\/wp-json\/wp\/v2\/pages\/9171","targetHints":{"allow":["GET"]}}],"collection":[{"href":"https:\/\/baycoast.bank\/pt-pt\/wp-json\/wp\/v2\/pages"}],"about":[{"href":"https:\/\/baycoast.bank\/pt-pt\/wp-json\/wp\/v2\/types\/page"}],"author":[{"embeddable":true,"href":"https:\/\/baycoast.bank\/pt-pt\/wp-json\/wp\/v2\/users\/13"}],"replies":[{"embeddable":true,"href":"https:\/\/baycoast.bank\/pt-pt\/wp-json\/wp\/v2\/comments?post=9171"}],"version-history":[{"count":0,"href":"https:\/\/baycoast.bank\/pt-pt\/wp-json\/wp\/v2\/pages\/9171\/revisions"}],"up":[{"embeddable":true,"href":"https:\/\/baycoast.bank\/pt-pt\/wp-json\/wp\/v2\/pages\/7159"}],"wp:featuredmedia":[{"embeddable":true,"href":"https:\/\/baycoast.bank\/pt-pt\/wp-json\/wp\/v2\/media\/7809"}],"wp:attachment":[{"href":"https:\/\/baycoast.bank\/pt-pt\/wp-json\/wp\/v2\/media?parent=9171"}],"curies":[{"name":"wp","href":"https:\/\/api.w.org\/{rel}","templated":true}]}}